{"id":826,"date":"2018-09-28T11:04:31","date_gmt":"2018-09-28T11:04:31","guid":{"rendered":"http:\/\/justicia.mikado-themes.com\/?page_id=826"},"modified":"2026-03-04T00:49:49","modified_gmt":"2026-03-03T20:49:49","slug":"legal-consultant","status":"publish","type":"page","link":"https:\/\/azltk2026.org\/","title":{"rendered":"\u018fsas S\u0259hif\u0259"},"content":{"rendered":"<p>[vc_row][vc_column][vc_gallery type=&#8221;nivo&#8221; interval=&#8221;3&#8243; images=&#8221;4897,5035,4896,5033,5031,5032,5034&#8243; img_size=&#8221;full&#8221; onclick=&#8221;&#8221;][\/vc_column][\/vc_row][vc_row][vc_column]<div class=\"mkdf-accordion-holder mkdf-ac-default  mkdf-accordion mkdf-ac-boxed mkdf-white-skin clearfix\">\n\t<h6 class=\"mkdf-accordion-title\">\n    <span class=\"mkdf-accordion-mark\">\n\t\t<span class=\"mkdf_icon_plus icon_plus\"><\/span>\n\t\t<span class=\"mkdf_icon_minus icon_minus-06\"><\/span>\n\t<\/span>\n\t<span class=\"mkdf-tab-title\">H\u00d6RM\u018fTL\u0130 H\u018fMKARLAR!<\/span>\n<\/h6>\n<div class=\"mkdf-accordion-content\">\n\t<div class=\"mkdf-accordion-content-inner\">\n\t\t[vc_column_text]<\/p>\n<p align=\"justify\"><span style=\"font-family: Cambria, serif; color: #000000;\"><span lang=\"az-Latn-AZ\"><img loading=\"lazy\" decoding=\"async\" class=\"size-medium wp-image-5054 alignleft\" src=\"https:\/\/azltk2026.org\/wp-content\/uploads\/2026\/02\/WhatsApp-Image-2026-02-16-at-18.13.51-253x300.jpeg\" alt=\"\" width=\"253\" height=\"300\" srcset=\"https:\/\/azltk2026.org\/wp-content\/uploads\/2026\/02\/WhatsApp-Image-2026-02-16-at-18.13.51-253x300.jpeg 253w, https:\/\/azltk2026.org\/wp-content\/uploads\/2026\/02\/WhatsApp-Image-2026-02-16-at-18.13.51.jpeg 550w\" sizes=\"auto, (max-width: 253px) 100vw, 253px\" \/>AZKLM\u0130B olaraq 2025-ci ili u\u011fur v\u0259 nailiyy\u0259tl\u0259rl\u0259 ba\u015fa vurdu\u011fumuzu b\u00f6y\u00fck m\u0259mnuniyy\u0259tl\u0259 bildiririk. \u0130l \u0259rzind\u0259 h\u0259yata ke\u00e7irdiyimiz geni\u015fmiqyasl\u0131 elmi proqramlar, beyn\u0259lxalq \u0259m\u0259kda\u015fl\u0131q layih\u0259l\u0259ri, konqresl\u0259r v\u0259 davaml\u0131 t\u0259hsil t\u0259\u015f\u0259bb\u00fcsl\u0259ri laborator tibb ictimaiyy\u0259timiz \u00fc\u00e7\u00fcn m\u00fch\u00fcm inki\u015faf m\u0259rh\u0259l\u0259si olmu\u015fdur. Bu d\u00f6vr \u0259rzind\u0259 h\u0259m \u00f6lk\u0259mizd\u0259, h\u0259m d\u0259 beyn\u0259lxalq elmi platformalarda Az\u0259rbaycan laboratoriya tibb m\u0259kt\u0259binin n\u00fcfuzunun daha da g\u00fccl\u0259nm\u0259si istiqam\u0259tind\u0259 \u0259h\u0259miyy\u0259tli add\u0131mlar atd\u0131q.<\/span><\/span><\/p>\n<p align=\"justify\"><span style=\"color: #000000;\"><span style=\"font-family: Cambria, serif;\"><span lang=\"az-Latn-AZ\">2025-ci ild\u0259 t\u0259\u015fkil etdiyimiz <\/span><\/span><span style=\"font-family: Cambria, serif;\"><span lang=\"az-Latn-AZ\"><b>3-c\u00fc Beyn\u0259lxalq Az\u0259rbaycan Laborator Tibb Konqresi &amp; Lab Expo<\/b><\/span><\/span><span style=\"font-family: Cambria, serif;\"><span lang=\"az-Latn-AZ\">nun (<\/span><\/span><span style=\"font-family: Cambria, serif;\"><span lang=\"az-Latn-AZ\"><b>AZLTK &amp; LAB EXPO 2025<\/b><\/span><\/span><span style=\"font-family: Cambria, serif;\"><span lang=\"az-Latn-AZ\">) y\u00fcks\u0259k s\u0259viyy\u0259d\u0259 ke\u00e7irilm\u0259si bizim \u00fc\u00e7\u00fcn b\u00f6y\u00fck q\u00fcrur m\u0259nb\u0259yi oldu. \u201cSuveren Az\u0259rbaycan namin\u0259!\u201d \u015f\u00fcar\u0131 alt\u0131nda haz\u0131rlanan elmi proqram, i\u015ftirak\u00e7\u0131 say\u0131, beyn\u0259lxalq \u0259m\u0259kda\u015fl\u0131qlar v\u0259 g\u0259nc t\u0259dqiqat\u00e7\u0131lar\u0131n f\u0259al i\u015ftirak\u0131na g\u00f6r\u0259 konqres regionun \u0259n n\u00fcfuzlu laborator tibb t\u0259dbirl\u0259rind\u0259n biri kimi qiym\u0259tl\u0259ndirildi.<\/span><\/span><\/span><\/p>\n<p align=\"justify\"><span style=\"font-family: Cambria, serif; color: #000000;\"><span lang=\"az-Latn-AZ\">Bu il d\u0259 \u0259n\u0259n\u0259vi olaraq EFLM, IFCC, KBUD, KL\u0130MUD v\u0259 dig\u0259r beyn\u0259lxalq qurumlarla s\u0131x elmi \u0259m\u0259kda\u015fl\u0131q h\u0259yata ke\u00e7irildi. G\u0259nc m\u00fct\u0259x\u0259ssisl\u0259rimizin elmi i\u015fl\u0259rinin konqres\u0259 q\u0259bul edilm\u0259si, m\u00fckafatland\u0131r\u0131lmas\u0131 v\u0259 geni\u015f auditoriyada t\u0259qdim olunmas\u0131 n\u00f6vb\u0259ti d\u0259f\u0259 \u00f6lk\u0259mizin elmi potensial\u0131n\u0131 n\u00fcmayi\u015f etdirdi.<\/span><\/span><\/p>\n<p align=\"justify\"><span style=\"color: #000000;\"><span style=\"font-family: Cambria, serif;\"><span lang=\"az-Latn-AZ\">2025-ci ild\u0259 AZKLM\u0130B-in beyn\u0259lxalq f\u0259aliyy\u0259ti x\u00fcsusi diqq\u0259t\u0259layiq olmu\u015fdur.<br \/>\n<\/span><\/span><span style=\"font-family: Cambria, serif;\"><span lang=\"az-Latn-AZ\"><b>EFLM-nin Bel\u00e7ikada ke\u00e7iril\u0259n 2025-ci il Konqresind\u0259 i\u015ftirak\u0131m\u0131z<\/b><\/span><\/span><span style=\"font-family: Cambria, serif;\"><span lang=\"az-Latn-AZ\">, h\u0259m\u00e7inin bir s\u0131ra \u00fczvl\u0259rimizin <\/span><\/span><span style=\"font-family: Cambria, serif;\"><span lang=\"az-Latn-AZ\"><b>EFLM t\u0259qa\u00fcd proqramlar\u0131n\u0131 qazanmas\u0131<\/b><\/span><\/span><span style=\"font-family: Cambria, serif;\"><span lang=\"az-Latn-AZ\"> laborator tibb m\u00fct\u0259x\u0259ssisl\u0259rimizin Avropa elmi m\u00fchitind\u0259 artan n\u00fcfuzunu t\u0259sdiq edir. Bu u\u011fur h\u0259m \u00f6lk\u0259mizin elmi m\u00fct\u0259x\u0259ssisl\u0259rinin y\u00fcks\u0259k s\u0259viyy\u0259d\u0259 haz\u0131rlanmas\u0131n\u0131n, h\u0259m d\u0259 AZKLM\u0130B-in beyn\u0259lxalq \u0259m\u0259kda\u015fl\u0131qlara verdiyi \u00f6n\u0259min bariz g\u00f6st\u0259ricisidir.<\/span><\/span><\/span><\/p>\n<p align=\"justify\"><span style=\"color: #000000;\"><span style=\"font-family: Cambria, serif;\"><span lang=\"az-Latn-AZ\">AZKLM\u0130B-in n\u00fcmay\u0259nd\u0259 hey\u0259ti <\/span><\/span><span style=\"font-family: Cambria, serif;\"><span lang=\"az-Latn-AZ\"><b>19\u201323 noyabr 2025<\/b><\/span><\/span><span style=\"font-family: Cambria, serif;\"><span lang=\"az-Latn-AZ\"> tarixl\u0259rind\u0259 Antalyada ke\u00e7iril\u0259n<br \/>\n<\/span><\/span><span style=\"font-family: Cambria, serif;\"><span lang=\"az-Latn-AZ\"><b>KL\u0130MUD 2025 \u2013 8. Ulusal Klinik Mikrobiyoloji Kongresi v\u0259 5. Ulusal Viroloji G\u00fcnl\u0259rind\u0259<\/b><\/span><\/span><span style=\"font-family: Cambria, serif;\"><span lang=\"az-Latn-AZ\"> aktiv \u00e7\u0131x\u0131\u015flarla \u00f6lk\u0259mizi t\u0259msil etmi\u015fdir.<\/span><\/span><\/span><\/p>\n<p align=\"justify\"><span style=\"font-family: Cambria, serif; color: #000000;\"><span lang=\"az-Latn-AZ\">4 h\u0259mkar\u0131m\u0131z\u0131n ana m\u0259ruz\u0259l\u0259rl\u0259 \u00e7\u0131x\u0131\u015f etm\u0259si, \u0259lav\u0259 olaraq m\u00fct\u0259x\u0259ssisl\u0259rimizin m\u00fcxt\u0259lif panell\u0259rd\u0259 s\u0259dr kimi i\u015ftirak etm\u0259l\u0259ri Az\u0259rbaycan elmi m\u0259kt\u0259binin m\u00f6vqeyini daha da g\u00fccl\u0259ndirmi\u015fdir. Bundan \u0259lav\u0259, KL\u0130MUD 2025-in elmi proqram\u0131na AZKLM\u0130B \u00fczvl\u0259rinin <\/span><\/span><\/p>\n<ul>\n<li><span style=\"color: #000000;\"><span style=\"font-family: Cambria, serif;\"><span lang=\"az-Latn-AZ\"><b>4 \u015fifahi m\u0259ruz\u0259<\/b><\/span><\/span><span style=\"font-family: Cambria, serif;\"><span lang=\"az-Latn-AZ\">,<\/span><\/span><\/span><\/li>\n<li><span style=\"color: #000000;\"><span style=\"font-family: Cambria, serif;\"><span lang=\"az-Latn-AZ\"><b>12 poster t\u0259qdimat\u0131<\/b><\/span><\/span><span style=\"font-family: Cambria, serif;\"><span lang=\"az-Latn-AZ\"> daxil edilmi\u015fdir.<\/span><\/span><\/span><\/li>\n<\/ul>\n<p align=\"justify\"><span style=\"color: #000000;\"><span style=\"font-family: Cambria, serif;\"><span lang=\"az-Latn-AZ\">PhD <\/span><\/span><span style=\"font-family: Cambria, serif;\"><span lang=\"az-Latn-AZ\"><b>Ruqiyy\u0259 S\u0259m\u0259dzad\u0259<\/b><\/span><\/span><span style=\"font-family: Cambria, serif;\"><span lang=\"az-Latn-AZ\"> poster birincilik m\u00fckafat\u0131na layiq g\u00f6r\u00fclm\u00fc\u015fd\u00fcr. G\u0259nc az\u0259rbaycanl\u0131 m\u00fct\u0259x\u0259ssisl\u0259rin dinamik f\u0259aliyy\u0259ti \u00f6lk\u0259mizin klinik laboratoriya sah\u0259sind\u0259 artan n\u00fcfuzunu bir daha s\u00fcbut etmi\u015fdir. <\/span><\/span><\/span><\/p>\n<p align=\"justify\"><span style=\"color: #000000;\"><span style=\"font-family: Cambria, serif;\"><span lang=\"az-Latn-AZ\">G\u0259nc m\u00fct\u0259x\u0259ssisl\u0259r <\/span><\/span><span style=\"font-family: Cambria, serif;\"><span lang=\"az-Latn-AZ\"><b>Zibeyd\u0259 Q\u0259nb\u0259rova<\/b><\/span><\/span><span style=\"font-family: Cambria, serif;\"><span lang=\"az-Latn-AZ\"> v\u0259 <\/span><\/span><span style=\"font-family: Cambria, serif;\"><span lang=\"az-Latn-AZ\"><b>Fatim\u0259 Heyd\u0259rova<\/b><\/span><\/span><span style=\"font-family: Cambria, serif;\"><span lang=\"az-Latn-AZ\"> elmi i\u015fl\u0259ri il\u0259 qazand\u0131qlar\u0131 AZKLM\u0130B-in \u201c<\/span><\/span><span style=\"font-family: Cambria, serif;\"><span lang=\"az-Latn-AZ\"><b>Akademik Zakir Qarayev ad\u0131na t\u0259qa\u00fcd\u201d<\/b><\/span><\/span><span style=\"font-family: Cambria, serif;\"><span lang=\"az-Latn-AZ\">\u00fc il\u0259 KL\u0130MUD 2025-d\u0259 i\u015ftirak etmi\u015fl\u0259r. <\/span><\/span><\/span><\/p>\n<p align=\"justify\"><span style=\"color: #000000;\"><span style=\"font-family: Cambria, serif;\"><span lang=\"az-Latn-AZ\">AZKLM\u0130B olaraq <\/span><\/span><span style=\"font-family: Cambria, serif;\"><span lang=\"az-Latn-AZ\"><b>24\u201327 noyabr 2025-ci il<\/b><\/span><\/span><span style=\"font-family: Cambria, serif;\"><span lang=\"az-Latn-AZ\"> tarixl\u0259rind\u0259 T\u00fcrkiy\u0259nin Antalya \u015f\u0259h\u0259rind\u0259 ke\u00e7iril\u0259n <\/span><\/span><span style=\"font-family: Cambria, serif;\"><span lang=\"az-Latn-AZ\"><b>KBUD 2025 \u2013 Klinik Biyokimya &amp; LAB Expo<\/b><\/span><\/span><span style=\"font-family: Cambria, serif;\"><span lang=\"az-Latn-AZ\"> Konqresind\u0259 \u00f6lk\u0259mizi geni\u015f n\u00fcmay\u0259nd\u0259 hey\u0259ti il\u0259 t\u0259msil etdik. Konqresin elmi m\u00f6vzular\u0131 toksikologiya, endokrinologiya, molekulyar diaqnostika, yeni biomarkerl\u0259r, laboratoriya prosesl\u0259ri, transfuzion tibb v\u0259 dig\u0259r aktual sah\u0259l\u0259ri \u0259hat\u0259 edirdi. <\/span><\/span><span style=\"font-family: Cambria, serif;\"><span lang=\"az-Latn-AZ\"><b>AZKLM\u0130B \u0130H s\u0259dri <\/b><\/span><\/span><span style=\"font-family: Cambria, serif;\"><span lang=\"az-Latn-AZ\">konqresin a\u00e7\u0131l\u0131\u015f\u0131nda m\u0259ruz\u0259 il\u0259 \u00e7\u0131x\u0131\u015f etmi\u015f v\u0259 m\u00fct\u0259x\u0259ssisl\u0259rimiz bir ne\u00e7\u0259 \u0259sas elmi panel\u0259 s\u0259drlik etmi\u015fdir. Konqresd\u0259 <\/span><\/span><span style=\"font-family: Cambria, serif;\"><span lang=\"az-Latn-AZ\"><b>60-dan \u00e7ox g\u0259nc Az\u0259rbaycanl\u0131 laboratoriya m\u00fct\u0259x\u0259ssisi<\/b><\/span><\/span><span style=\"font-family: Cambria, serif;\"><span lang=\"az-Latn-AZ\"> i\u015ftirak etmi\u015f, bir \u00e7oxunun \u015fifahi v\u0259 poster m\u0259ruz\u0259l\u0259ri elmi proqramda yer alm\u0131\u015fd\u0131r. Konqres Az\u0259rbaycan laboratoriyas\u0131n\u0131n beyn\u0259lxalq platformada g\u00fccl\u00fc \u015f\u0259kild\u0259 tan\u0131nmas\u0131na m\u00fch\u00fcm t\u00f6hf\u0259 vermi\u015fdir.<\/span><\/span><\/span><\/p>\n<p align=\"justify\"><span style=\"color: #000000;\"><span style=\"font-family: Cambria, serif;\"><span lang=\"az-Latn-AZ\">AZKLM\u0130B-in davaml\u0131 tibbi t\u0259hsil \u0259n\u0259n\u0259sin\u0259 sadiq qalaraq t\u0259\u015fkil etdiyi ay\u0131q v\u0259 ard\u0131c\u0131l <\/span><\/span><span style=\"font-family: Cambria, serif;\"><span lang=\"az-Latn-AZ\"><b>onlayn vebinar proqramlar\u0131<\/b><\/span><\/span><span style=\"font-family: Cambria, serif;\"><span lang=\"az-Latn-AZ\"> 2025-ci ild\u0259 d\u0259 geni\u015f auditoriya \u00fc\u00e7\u00fcn d\u0259y\u0259rli bilik platformas\u0131 olmu\u015fdur. M\u00f6vzular laborator prosesl\u0259rd\u0259n tutmu\u015f immunologiya, molekulyar genetika v\u0259 klinik diaqnostikan\u0131n yeni istiqam\u0259tl\u0259rin\u0259 q\u0259d\u0259r m\u00fcxt\u0259lif sah\u0259l\u0259ri \u0259hat\u0259 etmi\u015fdir.<\/span><\/span><\/span><\/p>\n<p align=\"justify\"><span style=\"color: #000000;\"><span style=\"font-family: Cambria, serif;\"><span lang=\"az-Latn-AZ\">B\u00fct\u00fcn bu u\u011furlar\u0131m\u0131z fonunda m\u0259mnuniyy\u0259tl\u0259 bildiririk ki: <\/span><\/span><span style=\"font-family: Cambria, serif;\"><span lang=\"az-Latn-AZ\"><b>30 aprel \u2013 02 may 2026-c\u0131 il tarixl\u0259ri aras\u0131nda \u201cBaku Marriott Hotel Boulevard\u201dda 4-c\u00fc Konqresimiz, AZLTK &amp; LAB EXPO 2026<\/b><\/span><\/span><span style=\"font-family: Cambria, serif;\"><span lang=\"az-Latn-AZ\"> t\u0259\u015fkil olunacaqd\u0131r. Konqres bu il d\u0259 beyn\u0259lxalq t\u0259r\u0259fda\u015flar\u0131n geni\u015f i\u015ftirak\u0131 il\u0259 ke\u00e7iril\u0259c\u0259k v\u0259 \u00f6lk\u0259mizin laborator tibb sah\u0259sind\u0259 regional lider m\u00f6vqeyini daha da g\u00fccl\u0259ndir\u0259c\u0259k.<\/span><\/span><\/span><\/p>\n<p align=\"justify\"><span style=\"font-family: Cambria, serif; color: #000000;\"><span lang=\"az-Latn-AZ\">\u00d6lk\u0259mizd\u0259 v\u0259 regionda ilk d\u0259f\u0259 olaraq tibb sah\u0259sind\u0259 Avropa elmi c\u0259miyy\u0259tinin m\u00fch\u00fcm elmi toplant\u0131lar\u0131ndan biri Az\u0259rbaycanda ke\u00e7iril\u0259c\u0259kdir. <\/span><\/span><\/p>\n<p align=\"justify\"><span style=\"color: #000000;\"><span style=\"font-family: Cambria, serif;\"><span lang=\"az-Latn-AZ\"><b>Bel\u0259 ki Avropa Klinik Kimya v\u0259 Laborator Tibb Federasiyas\u0131 (EFLM) \u0130dar\u0259 Hey\u0259ti \u00f6lk\u0259mizd\u0259 \u201cLaborator tibbd\u0259 yeni trendl\u0259r\u201d (\u201c<\/b><\/span><\/span><span style=\"font-family: Cambria, serif;\"><span lang=\"az-Latn-AZ\"><i><b>New trends in laboratory medicine<\/b><\/i><\/span><\/span><span style=\"font-family: Cambria, serif;\"><span lang=\"az-Latn-AZ\"><b>\u201d) m\u00f6vzulu elmi simpozium t\u0259\u015fkil etm\u0259k bar\u0259d\u0259 q\u0259rar q\u0259bul etmi\u015fdir. <\/b><\/span><\/span><\/span><\/p>\n<p align=\"justify\"><span style=\"color: #000000;\"><span style=\"font-family: Cambria, serif;\"><span lang=\"az-Latn-AZ\">AZLTK &amp; LAB EXPO 2026 \u00e7\u0259r\u00e7iv\u0259sind\u0259 <\/span><\/span><span style=\"font-family: Cambria, serif;\"><span lang=\"az-Latn-AZ\">EFLM t\u0259r\u0259find\u0259n t\u0259\u015fkil olunacaq y\u00fcks\u0259k s\u0259viyy\u0259li<\/span><\/span> <span style=\"font-family: Cambria, serif;\"><span lang=\"az-Latn-AZ\">beyn\u0259lxalq <\/span><\/span><span style=\"font-family: Cambria, serif;\"><span lang=\"az-Latn-AZ\">Simpoziumunun Elmi Proqram\u0131nda m\u00fcxt\u0259lif Avropa \u00f6lk\u0259l\u0259rind\u0259n olan d\u00fcnya \u015f\u00f6hr\u0259tli aliml\u0259r <\/span><\/span><span style=\"font-family: Cambria, serif;\"><span lang=\"az-Latn-AZ\">m\u00fchazir\u0259l\u0259r t\u0259qdim ed\u0259c\u0259kl\u0259r. Bu proqram Avropan\u0131n \u0259n apar\u0131c\u0131 aliml\u0259rinin i\u015ftirak\u0131 il\u0259 y\u00fcks\u0259k s\u0259viyy\u0259li elmi fikir m\u00fcbadil\u0259si \u00fc\u00e7\u00fcn unikal imkan yaradacaq.<\/span><\/span><\/span><\/p>\n<p align=\"justify\"><span style=\"font-family: Cambria, serif; color: #000000;\"><span lang=\"az-Latn-AZ\">4-c\u00fc Beyn\u0259lxalq Az\u0259rbaycan Laborator Tibb Konqresi &amp; Lab Expo-nun dig\u0259r Elmi Panell\u0259ri d\u0259 \u0259n\u0259n\u0259vi olaraq T\u00fcrkiy\u0259nin KBUD, KL\u0130MUD d\u0259rn\u0259kl\u0259rinin, el\u0259c\u0259 d\u0259 \u00fczv\u00fc oldu\u011fumuz beyn\u0259lxalq v\u0259 Avropa federasiyalar\u0131n\u0131n d\u0259st\u0259yi v\u0259 bilavasit\u0259 i\u015ftirak\u0131 il\u0259 t\u0259\u015fkil olunacaqd\u0131r. Bu Konqresd\u0259 d\u0259 Az\u0259rbaycanda laborator tibb sah\u0259sinin inki\u015faf\u0131na m\u00fch\u00fcm t\u00f6hf\u0259l\u0259r vermi\u015f g\u00f6rk\u0259mli elm xadiml\u0259rinin xatir\u0259si unudulmayacaq, g\u0259nc kadrlar\u0131m\u0131z\u0131n elmi i\u015fl\u0259rini d\u0259st\u0259kl\u0259m\u0259k m\u0259qs\u0259dil\u0259 adl\u0131 m\u00fckafatlar t\u0259sis edil\u0259c\u0259k. G\u0259nc \u00fczvl\u0259rimizd\u0259n elmi i\u015fl\u0259rinin tezisl\u0259ri il\u0259 konqresd\u0259 aktiv i\u015ftiraklar\u0131n\u0131 g\u00f6zl\u0259yirik.<\/span><\/span><\/p>\n<p align=\"justify\"><span style=\"font-family: Cambria, serif; color: #000000;\"><span lang=\"az-Latn-AZ\"><b>\u018fziz h\u0259mkarlar! <\/b><\/span><\/span><\/p>\n<p align=\"justify\"><span style=\"color: #000000;\"><span style=\"font-family: Cambria, serif;\"><span lang=\"az-Latn-AZ\">Az\u0259rbaycan\u0131n inki\u015faf ed\u0259n laborator tibb sah\u0259sin\u0259 t\u00f6hf\u0259 verm\u0259k yolunda birlikd\u0259 b\u00f6y\u00fck nailiyy\u0259tl\u0259r \u0259ld\u0259 edirik. Bu Konqresd\u0259 d\u0259 Biokimya, Mikrobiologiya, \u0130mmunologiya, Patologiya, Genetika sah\u0259l\u0259rini \u0259hat\u0259 ed\u0259n, bir-birind\u0259n maraql\u0131 simpozium, panel m\u0259ruz\u0259l\u0259r v\u0259 konfranslar yer alacaqd\u0131r. Konqres i\u015ftirak\u00e7\u0131lar\u0131 \u00fc\u00e7\u00fcn maraql\u0131 sosial proqramlar\u0131n t\u0259\u015fkil olunmas\u0131 da n\u0259z\u0259rd\u0259 tutulur. Sizi <\/span><\/span><span style=\"font-family: Cambria, serif;\"><span lang=\"az-Latn-AZ\"><b>AZLTK &amp; LAB EXPO 2026<\/b><\/span><\/span><span style=\"font-family: Cambria, serif;\"><span lang=\"az-Latn-AZ\"> \u00e7\u0259r\u00e7iv\u0259sind\u0259 ke\u00e7iril\u0259c\u0259k b\u00fct\u00fcn elmi v\u0259 sosial t\u0259dbirl\u0259rd\u0259 f\u0259al i\u015ftirak etm\u0259y\u0259 d\u0259v\u0259t edirik. Konqresl\u0259 ba\u011fl\u0131 yenil\u0259nmi\u015f m\u0259lumatlar <\/span><\/span><span style=\"font-family: Cambria, serif;\"><span lang=\"az-Latn-AZ\"><b>www.azltk2026.org<\/b><\/span><\/span><span style=\"font-family: Cambria, serif;\"><span lang=\"az-Latn-AZ\"> sayt\u0131nda v\u0259 AZKLM\u0130B-in sosial media hesablar\u0131nda payla\u015f\u0131lacaq.<\/span><\/span><\/span><span style=\"color: #000000;\"><a style=\"color: #000000;\" name=\"_GoBack\"><\/a> <\/span><\/p>\n<p align=\"justify\"><span style=\"color: #000000;\"><span style=\"font-family: Cambria, serif;\"><span lang=\"az-Latn-AZ\"><i>H\u00f6rm\u0259tl\u0259,<\/i><\/span><\/span><\/span><\/p>\n<p align=\"justify\"><span style=\"color: #000000;\"><span style=\"font-family: Cambria, serif;\"><span lang=\"az-Latn-AZ\"><b>Konqresin s\u0259dri<\/b><\/span><\/span><\/span><\/p>\n<p align=\"justify\"><span style=\"font-family: Cambria, serif;\"><span lang=\"az-Latn-AZ\"><span style=\"color: #000000;\">Dos. Dr. Ramin Bayraml\u0131<\/span> <\/span><\/span><\/p>\n<p>[\/vc_column_text]\t<\/div>\n<\/div><\/div>[\/vc_column][\/vc_row]<\/p>\n","protected":false},"excerpt":{"rendered":"<p>[vc_row][vc_column][vc_gallery type=&#8221;nivo&#8221; interval=&#8221;3&#8243; images=&#8221;4897,5035,4896,5033,5031,5032,5034&#8243; img_size=&#8221;full&#8221; onclick=&#8221;&#8221;][\/vc_column][\/vc_row][vc_row][vc_column][\/vc_column][\/vc_row]<\/p>\n","protected":false},"author":1,"featured_media":0,"parent":0,"menu_order":0,"comment_status":"closed","ping_status":"closed","template":"","meta":{"footnotes":""},"class_list":["post-826","page","type-page","status-publish","hentry"],"_links":{"self":[{"href":"https:\/\/azltk2026.org\/index.php?rest_route=\/wp\/v2\/pages\/826","targetHints":{"allow":["GET"]}}],"collection":[{"href":"https:\/\/azltk2026.org\/index.php?rest_route=\/wp\/v2\/pages"}],"about":[{"href":"https:\/\/azltk2026.org\/index.php?rest_route=\/wp\/v2\/types\/page"}],"author":[{"embeddable":true,"href":"https:\/\/azltk2026.org\/index.php?rest_route=\/wp\/v2\/users\/1"}],"replies":[{"embeddable":true,"href":"https:\/\/azltk2026.org\/index.php?rest_route=%2Fwp%2Fv2%2Fcomments&post=826"}],"version-history":[{"count":123,"href":"https:\/\/azltk2026.org\/index.php?rest_route=\/wp\/v2\/pages\/826\/revisions"}],"predecessor-version":[{"id":5173,"href":"https:\/\/azltk2026.org\/index.php?rest_route=\/wp\/v2\/pages\/826\/revisions\/5173"}],"wp:attachment":[{"href":"https:\/\/azltk2026.org\/index.php?rest_route=%2Fwp%2Fv2%2Fmedia&parent=826"}],"curies":[{"name":"wp","href":"https:\/\/api.w.org\/{rel}","templated":true}]}}