{"id":4381,"date":"2023-05-19T17:50:49","date_gmt":"2023-05-19T13:50:49","guid":{"rendered":"https:\/\/azltk2023.org\/?page_id=4381"},"modified":"2026-03-07T02:54:51","modified_gmt":"2026-03-06T22:54:51","slug":"mukafatlar","status":"publish","type":"page","link":"https:\/\/azltk2026.org\/?page_id=4381","title":{"rendered":"M\u00fckafatlar"},"content":{"rendered":"<p>[vc_row content_placement=&#8221;bottom&#8221; css=&#8221;.vc_custom_1672232077649{background-color: #f4f4f4 !important;}&#8221;][vc_column]<div class=\"mkdf-accordion-holder mkdf-ac-default  mkdf-accordion mkdf-ac-boxed mkdf-white-skin clearfix\">\n\t<h5 class=\"mkdf-accordion-title\">\n    <span class=\"mkdf-accordion-mark\">\n\t\t<span class=\"mkdf_icon_plus icon_plus\"><\/span>\n\t\t<span class=\"mkdf_icon_minus icon_minus-06\"><\/span>\n\t<\/span>\n\t<span class=\"mkdf-tab-title\">M\u00fckafatlar<\/span>\n<\/h5>\n<div class=\"mkdf-accordion-content\">\n\t<div class=\"mkdf-accordion-content-inner\">\n\t\t[vc_column_text]<\/p>\n<h4><strong><span style=\"color: #000080;\">AZKLM\u0130B t\u0259r\u0259find\u0259n \u201cAZLTK &amp; Lab Expo 202<span lang=\"az-Latn-AZ\">6<\/span>\u2033\u00fc\u00e7\u00fcn t\u0259sis edil\u0259n m\u00fckafatlar:<\/span><\/strong><\/h4>\n<h4><span style=\"color: #000080;\">\u00a0 \u00a0 \u2022 Dosent F\u0259tulla Yaqubov ad\u0131na m\u00fckafat (Mikrobiologiya<span lang=\"az-Latn-AZ\"> poster m\u0259ruz\u0259si \u00fczr\u0259 1-ci yer<\/span>)<\/span><\/h4>\n<h4><span style=\"color: #000080;\">\u00a0 \u00a0 \u2022 Akademik \u018fbd\u00fcl\u0259h\u0259d H\u0259s\u0259nov ad\u0131na m\u00fckafat (Biokimya<span lang=\"az-Latn-AZ\"> \u015fifahi m\u0259ruz\u0259 \u00fczr\u0259 1-ci yer<\/span>)<\/span><\/h4>\n<h4><span style=\"color: #000080;\">\u00a0 \u00a0 \u2022 <\/span><span style=\"color: #000080;\">Akademik Zakir Qarayev ad\u0131na m\u00fckafat (Mikrobiologiya<span lang=\"az-Latn-AZ\"> \u015fifahi m\u0259ruz\u0259 \u00fczr\u0259 1-ci yer<\/span>)<\/span><\/h4>\n<h4><span style=\"color: #000080;\">\u00a0 \u00a0 \u2022 <\/span><span style=\"color: #000080;\">Professor Arif \u018ff\u0259ndiyev ad\u0131na m\u00fckafat (Biokimya<span lang=\"az-Latn-AZ\"> poster m\u0259ruz\u0259si \u00fczr\u0259 1-ci yer<\/span>)<\/span><\/h4>\n<h4><span style=\"color: #ff0000;\"><em>*M\u00fckafatlar \u0259sas (m\u0259sul) m\u00fc\u0259llifi Az\u0259rbaycan Klinik Laboratoriya M\u00fct\u0259x\u0259ssisl\u0259ri \u0130ctimai Birliyinin \u00fczv\u00fc olan v\u0259 g\u00f6nd\u0259rdiyi tezisi \u015fifahi v\u0259 ya poster t\u0259qdimatlar\u0131 kimi q\u0259bul edil\u0259n \u015f\u0259xsl\u0259r\u0259 \u015famil edilir. <\/em><\/span><\/h4>\n<h4><span style=\"color: #ff0000;\"><em>*M\u00fckafatlar elmi komit\u0259 t\u0259r\u0259find\u0259n tezisl\u0259ri se\u00e7ilmi\u015f 4 n\u0259f\u0259r\u0259 t\u0259qdim edil\u0259c\u0259kdir.<\/em><\/span><\/h4>\n<h4><span style=\"color: #000080;\">\u00a0<\/span><\/h4>\n<h4><strong><span style=\"color: #000080;\">M\u00fckafatland\u0131rma m\u00fcraci\u0259tinin qiym\u0259tl\u0259ndirilm\u0259si \u00fc\u00e7\u00fcn a\u015fa\u011f\u0131dak\u0131lar icra olunmal\u0131d\u0131r:<\/span><\/strong><\/h4>\n<h4><span style=\"color: #000080;\">\u00a0 \u00a01. M\u0259qal\u0259nin \u201cTezis g\u00f6nd\u0259r\u201d s\u0259hif\u0259sind\u0259n sistem\u0259 y\u00fckl\u0259nm\u0259li;<\/span><\/h4>\n<h4><span style=\"color: #000080;\">\u00a0 \u00a02. M\u0259sul m\u00fc\u0259llifin konqres\u0259 qeydiyyat prosesi tamamlanmal\u0131;<\/span><\/h4>\n<h4><span style=\"color: #000080;\">\u00a0 \u00a03. M\u0259sul m\u00fc\u0259llifin CV-si, m\u00fcraci\u0259t formas\u0131 v\u0259 qeydiyyat q\u0259bzi info@azklmib.az \u00fcnvan\u0131na g\u00f6nd\u0259rilm\u0259li;<\/span><\/h4>\n<h4><span style=\"color: #000080;\">\u00a0 \u00a04. Poster v\u0259 ya \u015fifahi t\u0259qdimat ba\u015fqa elmi platformada t\u0259qdim edilm\u0259m\u0259li;<\/span><\/h4>\n<h4><\/h4>\n<p>&nbsp;<\/p>\n<h4><span style=\"color: #000080;\">M\u00fckafatlar konqresin ba\u011flan\u0131\u015fda t\u0259qdim edil\u0259c\u0259kdir.<\/span><\/h4>\n<p>[\/vc_column_text]\t<\/div>\n<\/div><\/div>[\/vc_column][\/vc_row][vc_row][vc_column width=&#8221;1\/3&#8243;][\/vc_column][vc_column width=&#8221;1\/3&#8243;][vc_gallery interval=&#8221;0&#8243; images=&#8221;5222&#8243;][\/vc_column][vc_column width=&#8221;1\/3&#8243;][\/vc_column][\/vc_row][vc_row][vc_column][\/vc_column][\/vc_row]<\/p>\n","protected":false},"excerpt":{"rendered":"<p>[vc_row content_placement=&#8221;bottom&#8221; css=&#8221;.vc_custom_1672232077649{background-color: #f4f4f4 !important;}&#8221;][vc_column][\/vc_column][\/vc_row][vc_row][vc_column width=&#8221;1\/3&#8243;][\/vc_column][vc_column width=&#8221;1\/3&#8243;][vc_gallery interval=&#8221;0&#8243; images=&#8221;5222&#8243;][\/vc_column][vc_column width=&#8221;1\/3&#8243;][\/vc_column][\/vc_row][vc_row][vc_column][\/vc_column][\/vc_row]<\/p>\n","protected":false},"author":1,"featured_media":0,"parent":0,"menu_order":0,"comment_status":"closed","ping_status":"closed","template":"","meta":{"footnotes":""},"class_list":["post-4381","page","type-page","status-publish","hentry"],"_links":{"self":[{"href":"https:\/\/azltk2026.org\/index.php?rest_route=\/wp\/v2\/pages\/4381","targetHints":{"allow":["GET"]}}],"collection":[{"href":"https:\/\/azltk2026.org\/index.php?rest_route=\/wp\/v2\/pages"}],"about":[{"href":"https:\/\/azltk2026.org\/index.php?rest_route=\/wp\/v2\/types\/page"}],"author":[{"embeddable":true,"href":"https:\/\/azltk2026.org\/index.php?rest_route=\/wp\/v2\/users\/1"}],"replies":[{"embeddable":true,"href":"https:\/\/azltk2026.org\/index.php?rest_route=%2Fwp%2Fv2%2Fcomments&post=4381"}],"version-history":[{"count":70,"href":"https:\/\/azltk2026.org\/index.php?rest_route=\/wp\/v2\/pages\/4381\/revisions"}],"predecessor-version":[{"id":5238,"href":"https:\/\/azltk2026.org\/index.php?rest_route=\/wp\/v2\/pages\/4381\/revisions\/5238"}],"wp:attachment":[{"href":"https:\/\/azltk2026.org\/index.php?rest_route=%2Fwp%2Fv2%2Fmedia&parent=4381"}],"curies":[{"name":"wp","href":"https:\/\/api.w.org\/{rel}","templated":true}]}}