{"id":3848,"date":"2022-12-29T15:56:54","date_gmt":"2022-12-29T11:56:54","guid":{"rendered":"https:\/\/azltk2023.org\/?page_id=3848"},"modified":"2026-02-17T14:20:03","modified_gmt":"2026-02-17T10:20:03","slug":"konqresin-elmi-komit%c9%99si","status":"publish","type":"page","link":"https:\/\/azltk2026.org\/?page_id=3848","title":{"rendered":"Konqresin Elmi Komit\u0259si  \u00a0"},"content":{"rendered":"<p>[vc_row][vc_column]<div class=\"mkdf-accordion-holder mkdf-ac-default  mkdf-accordion mkdf-ac-boxed mkdf-white-skin clearfix\">\n\t<h5 class=\"mkdf-accordion-title\">\n    <span class=\"mkdf-accordion-mark\">\n\t\t<span class=\"mkdf_icon_plus icon_plus\"><\/span>\n\t\t<span class=\"mkdf_icon_minus icon_minus-06\"><\/span>\n\t<\/span>\n\t<span class=\"mkdf-tab-title\">Konqresin Elmi Komit\u0259si<\/span>\n<\/h5>\n<div class=\"mkdf-accordion-content\">\n\t<div class=\"mkdf-accordion-content-inner\">\n\t\t[vc_column_text]<span style=\"color: #003366;\">Prof. Dr. Adil Allahverdiyev (Az\u0259rbaycan)<\/span><br \/>\n<span style=\"color: #003366;\">Prof. Dr. Arif \u018ff\u0259ndiyev (Az\u0259rbaycan)<\/span><br \/>\n<span style=\"color: #003366;\">Prof. Dr. Akif Qurbanov (Az\u0259rbaycan)<\/span><br \/>\n<span style=\"color: #003366;\">Prof. Dr. Arzu Say\u0131ner (T\u00fcrkiy\u0259)<\/span><br \/>\n<span style=\"color: #003366;\">Prof. Dr. Banu Sancak (T\u00fcrkiy\u0259)<\/span><br \/>\n<span style=\"color: #003366;\">Prof. Dr. Birsen Karaman (T\u00fcrkiy\u0259)<\/span><br \/>\n<span style=\"color: #003366;\">Prof. Dr. Cenk S\u00f6kmens\u00fcer (T\u00fcrkiya)<\/span><br \/>\n<span style=\"color: #003366;\">Prof. Dr. Damien Gruson (Bel\u00e7ika)<\/span><br \/>\n<span style=\"color: #003366;\">Prof. Dr. Dildar Konuko\u011flu (T\u00fcrkiy\u0259)<\/span><br \/>\n<span style=\"color: #003366;\">Prof. Dr. Dilek Ye\u015fim Metin (T\u00fcrkiy\u0259)<\/span><br \/>\n<span style=\"color: #003366;\">Prof. Dr. Emma A\u011fayeva (Az\u0259rbaycan)<\/span><br \/>\n<span style=\"color: #003366;\">Prof. Dr. G\u00fcl\u0259r Seyidova (Az\u0259rbaycan)<\/span><br \/>\n<span style=\"color: #003366;\">Prof. Dr. G\u00fclnar\u0259 \u018fzizova (Az\u0259rbaycan)<\/span><br \/>\n<span style=\"color: #003366;\">Prof. Dr. G\u00fclnar\u0259 N\u0259srullayeva (Az\u0259rbaycan)<\/span><br \/>\n<span style=\"color: #003366;\">Prof. Dr. G\u00fcl\u00e7in Bayramo\u011flu (T\u00fcrkiy\u0259) <\/span><br \/>\n<span style=\"color: #003366;\">Prof. Dr. G\u00fcl\u00fcstan Babayeva (Az\u0259rbaycan)<\/span><br \/>\n<span style=\"color: #003366;\">Prof. Dr. Habil Muradov (Az\u0259rbaycan)<\/span><br \/>\n<span style=\"color: #003366;\">Prof. Dr. Hamit Hakan Alp (T\u00fcrkiy\u0259)<\/span><br \/>\n<span style=\"color: #003366;\">Prof. Dr. H\u0259qiq\u0259t Q\u0259dirova (Az\u0259rbaycan)<\/span><br \/>\n<span style=\"color: #003366;\">Prof. Dr. Kark Lackner (Almaniya)<\/span><br \/>\n<span style=\"color: #003366;\">Prof. Dr. Mario Plebani (Italiya)<\/span><br \/>\n<span style=\"color: #003366;\">Prof. Dr. Mustafa Serteser (T\u00fcrkiy\u0259)<\/span><br \/>\n<span style=\"color: #003366;\">Prof. Dr. Mehmet Akif \u00c7iftcio\u011flu (Az\u0259rbaycan)<\/span><br \/>\n<span style=\"color: #003366;\">Prof. Dr. Nevg\u00fcn Sepin \u00d6zen (T\u00fcrkiy\u0259)<\/span><br \/>\n<span style=\"color: #003366;\">Prof. Dr. Nigar A\u011fayeva (Az\u0259rbaycan)<\/span><br \/>\n<span style=\"color: #003366;\">Prof. Dr. Nuran Esen (T\u00fcrkiy\u0259)<\/span><br \/>\n<span style=\"color: #003366;\">Prof. Dr. Oya Uyguner (T\u00fcrkiy\u0259)<\/span><br \/>\n<span style=\"color: #003366;\">Prof. Dr. Sylvain Lehmann (Fransa)<\/span><br \/>\n<span style=\"color: #003366;\">Prof. Dr. Tahir\u0259 \u018fsk\u0259rova (Az\u0259rbaycan)<\/span><br \/>\n<span style=\"color: #003366;\">Prof. Dr. Tan\u0131l Kocag\u00f6z (T\u00fcrkiy\u0259)<\/span><br \/>\n<span style=\"color: #003366;\">Prof. Dr. Tinatin Tkmeladze (G\u00fcrc\u00fcstan)<\/span><br \/>\n<span style=\"color: #003366;\">Prof. Dr. Tomas Zima (\u00c7exiya Respublikas\u0131) <\/span><br \/>\n<span style=\"color: #003366;\">Prof. Dr. Yasemin Zer (T\u00fcrkiy\u0259)<\/span><br \/>\n<span style=\"color: #003366;\">Dos. Dr. Burcu Dalyan Cilo (T\u00fcrkiy\u0259)<\/span><br \/>\n<span style=\"color: #003366;\">Dos. Dr. Danijela Vrdoljak-Mozeti\u010d (Macar\u0131stan)<\/span><br \/>\n<span style=\"color: #003366;\">Dos. Dr. Derya Ko\u00e7er (T\u00fcrkiy\u0259)<\/span><br \/>\n<span style=\"color: #003366;\">Dos. Dr. Fuad \u0130slamzad\u0259 (Az\u0259rbaycan)<\/span><br \/>\n<span style=\"color: #003366;\">Dos. Dr. Fikr\u0259t \u018fliyev (Az\u0259rbaycan)<\/span><br \/>\n<span style=\"color: #003366;\">Dos. Dr. Halil Er (T\u00fcrkiy\u0259)<\/span><br \/>\n<span style=\"color: #003366;\">Dos. Dr. \u0130lah\u0259 K\u0259rimova (Az\u0259rbaycan)<\/span><br \/>\n<span style=\"color: #003366;\">Dos. Dr. Murat Cihan (T\u00fcrkiya)<\/span><br \/>\n<span style=\"color: #003366;\">Dos. Dr. Samir Cavadl\u0131 (Az\u0259rbaycan)<\/span><br \/>\n<span style=\"color: #003366;\">Dos. Dr. Samir\u0259 S\u0259f\u0259rova (Az\u0259rbaycan)<\/span><br \/>\n<span style=\"color: #003366;\">Dos. Dr. Sara Qurbanova (Az\u0259rbaycan),<\/span><br \/>\n<span style=\"color: #003366;\">Dos. Dr. Tamara Quliyeva (Az\u0259rbaycan)<\/span><br \/>\n<span style=\"color: #003366;\">Dos. Dr. V\u0259fa Yaqubova (Az\u0259rbaycan)<\/span><br \/>\n<span style=\"color: #003366;\">Dos. Dr. Vidadi N\u0259rimanov (Az\u0259rbaycan)<\/span><br \/>\n<span style=\"color: #003366;\">PhD. Dr. Emil Rzayev (Az\u0259rbaycan)<\/span><br \/>\n<span style=\"color: #003366;\">PhD. Dr. Nigar Abdullayeva (Az\u0259rbaycan)<\/span><br \/>\n<span style=\"color: #003366;\">PhDc. Dr. G\u00fcnay \u018fmirli (Az\u0259rbaycan)<\/span><br \/>\n<span style=\"color: #003366;\">PhDc Dr. Xaqani Eynullazad\u0259 (AB\u015e)<\/span><br \/>\n<span style=\"color: #003366;\">T.\u00fc.F.D. Dr. Arzu \u0130bi\u015fova (Az\u0259rbaycan)<\/span><br \/>\n<span style=\"color: #003366;\">T.\u00fc.F.D. Dr. Aytac Allahverdiyeva (Az\u0259rbaycan)<\/span><br \/>\n<span style=\"color: #003366;\">T.\u00fc.F.D. Dr. Bayram Bayramov (Az\u0259rbaycan)<\/span><br \/>\n<span style=\"color: #003366;\">T.\u00fc.F.D. Dr. Hikm\u0259t M\u0259mm\u0259dov (Az\u0259rbaycan)<\/span><br \/>\n<span style=\"color: #003366;\">T.\u00fc.F.D.. Dr. \u0130lham\u0259 K\u0259rimova (Az\u0259rbaycan)<\/span><br \/>\n<span style=\"color: #003366;\">T.\u00fc.F.D. Dr. Leyla M\u0259mm\u0259dovu (Az\u0259rbaycan)<\/span><br \/>\n<span style=\"color: #003366;\">T.\u00fc.F.D. Dr. Mahmud Ba\u011f\u0131rzad\u0259 (Az\u0259rbaycan)<\/span><br \/>\n<span style=\"color: #003366;\">T.\u00fc.F.D. Dr. M\u0259ry\u0259m Qas\u0131mova (Az\u0259rbaycan)<\/span><br \/>\n<span style=\"color: #003366;\">T.\u00fc.F.D. Dr. Mircavid M\u00fcsl\u00fcmov (Az\u0259rbaycan)<\/span><br \/>\n<span style=\"color: #003366;\">T.\u00fc.F.D. Dr. Ravil H\u00fcseynov (Az\u0259rbaycan)<\/span><br \/>\n<span style=\"color: #003366;\">T.\u00fc.F.D. Dr. R\u00f6v\u015f\u0259n Abbasov (Az\u0259rbaycan)<\/span><br \/>\n<span style=\"color: #003366;\">T.\u00fc.F.D. Dr. \u015e\u0259hla Had\u0131yeva (Az\u0259rbaycan)<\/span><br \/>\n<span style=\"color: #003366;\">T.\u00fc.F.D. Dr. Yaqut Qarayeva (Az\u0259rbaycan)<\/span><br \/>\n<span style=\"color: #003366;\">B.\u00fc.F.D. Dr. Arif Yusifov (Az\u0259rbaycan)<\/span><br \/>\n<span style=\"color: #003366;\">PhD. Asl\u0131han Da\u011fdemir (Az\u0259rbaycan)<\/span><br \/>\n<span style=\"color: #003366;\">PhD. C\u0259mil\u0259 Bayramova (Az\u0259rbaycan)<\/span><br \/>\n<span style=\"color: #003366;\">B.\u00fc.F.D. Ramin H\u0259\u015fimov (Az\u0259rbaycan)<\/span><br \/>\n<span style=\"color: #003366;\">PhD. Ruqiyy\u0259 S\u0259m\u0259dzad\u0259 (Az\u0259rbaycan)<\/span><br \/>\n<span style=\"color: #003366;\">MSc. R\u00fcfan\u0259 Namazova (Az\u0259rbaycan)<\/span><br \/>\n<span style=\"color: #003366;\">Uzm. Dr. Adila \u018fdilli (Az\u0259rbaycan)<\/span><br \/>\n<span style=\"color: #003366;\">Uzm. Dr. Afaq \u018fhm\u0259dova (Az\u0259rbaycan)<\/span><br \/>\n<span style=\"color: #003366;\">Uzm. Dr. Arzu Quliyeva (Az\u0259rbaycan)<\/span><br \/>\n<span style=\"color: #003366;\">Uzm. Dr. Aynur \u0130smay\u0131l ( T\u00fcrkiy\u0259)<\/span><br \/>\n<span style=\"color: #003366;\">Uzm. Dr. Aynura Zeynalova (Az\u0259rbaycan)<\/span><br \/>\n<span style=\"color: #003366;\">Uzm. Dr. E. C\u00fcneyt Canbulat (T\u00fcrkiy\u0259)<\/span><br \/>\n<span style=\"color: #003366;\">Uzm. Dr. Elvin Malikov (T\u00fcrkiy\u0259)<\/span><br \/>\n<span style=\"color: #003366;\">Uzm. Dr. Fuad S\u0259m\u0259dov (Az\u0259rbaycan)<\/span><br \/>\n<span style=\"color: #003366;\">Uzm. Dr. Halil \u0130brahim Akbay (T\u00fcrkiy\u0259)<\/span><br \/>\n<span style=\"color: #003366;\">Uzm. Dr. \u0130skender Karal\u0131 (Az\u0259rbaycan)<\/span><br \/>\n<span style=\"color: #003366;\">Uzm. Dr. Leyla \u0130brahimxanl\u0131 (Az\u0259rbaycan)<\/span><br \/>\n<span style=\"color: #003366;\">Uzm. Dr. M\u0259lah\u0259t Musayeva (Az\u0259rbaycan)<\/span><br \/>\n<span style=\"color: #003366;\">Uzm. Dr. R\u00f6yal\u0259 Babayeva (Az\u0259rbaycan)<\/span><br \/>\n<span style=\"color: #003366;\">Uzm. Dr. Selim Merdan (T\u00fcrkiy\u0259)<\/span><br \/>\n<span style=\"color: #003366;\">Uzm. Dr. Sana Hac\u0131yeva (Az\u0259rbaycan)<\/span><br \/>\n<span style=\"color: #003366;\">Uzm. Dr. V\u0259li N\u0259sirov (Az\u0259rbaycan)<\/span><br \/>\n<span style=\"color: #003366;\">Uzm. Dr. Z\u0259rif\u0259 Yusifli (Az\u0259rbaycan)<\/span><br \/>\n<span style=\"color: #003366;\">M\u00fct. Dr. Aysel Salmanova (Az\u0259rbaycan)<\/span><br \/>\n<span style=\"color: #003366;\">M\u00fct. Dr. Ayt\u0259n Cavadova (Az\u0259rbaycan)<\/span><br \/>\n<span style=\"color: #003366;\">M\u00fct. Dr. Ay\u015f\u0259n H\u0259s\u0259nova (Az\u0259rbaycan)<\/span><br \/>\n<span style=\"color: #003366;\">M\u00fct. Dr. Bahadur Abbasov (Az\u0259rbaycan)<\/span><br \/>\n<span style=\"color: #003366;\">M\u00fct. Dr. C\u0259lal A\u011fayev (Azarbaycan)<\/span><br \/>\n<span style=\"color: #003366;\">M\u00fct. Dr. Einur Tal\u0131bov (Az\u0259rbaycan)<\/span><br \/>\n<span style=\"color: #003366;\">M\u00fct. Dr. \u018fziz\u0259 Quluzad\u0259 (Az\u0259rbaycan)<\/span><br \/>\n<span style=\"color: #003366;\">Milt. Dr. Fatim\u0259 N\u0259sirli (Az\u0259rbaycan)<\/span><br \/>\n<span style=\"color: #003366;\">M\u00fct. Dr. F\u0259rid\u0259 Eyvazova (Az\u0259rbaycan)<\/span><br \/>\n<span style=\"color: #003366;\">M\u00fct. Dr. F\u0259rid\u0259 M\u0259mm\u0259dxanova (Az\u0259rbaycan)<\/span><br \/>\n<span style=\"color: #003366;\">M\u00fct. Dr. G\u00f6y\u00e7\u0259k H\u0259s\u0259nova (Az\u0259rbaycan)<\/span><br \/>\n<span style=\"color: #003366;\">M\u00fct. Dr. G\u00fcl\u00e7in Abdurr\u0259hmanova (Az\u0259rbaycan)<\/span><br \/>\n<span style=\"color: #003366;\">M\u00fct. Dr. G\u00fcnay \u018fs\u0259dova (Az\u0259rbaycan)<\/span><br \/>\n<span style=\"color: #003366;\">M\u00fct. Dr. Lal\u0259 Q\u0259hr\u0259manl\u0131 (Az\u0259rbaycan)<\/span><br \/>\n<span style=\"color: #003366;\">M\u00fct. Dr. Lal\u0259 V\u0259liyeva (Az\u0259rbaycan)<\/span><br \/>\n<span style=\"color: #003366;\">M\u00fct. Dr. Leyla Cabbarova (Az\u0259rbaycan) <\/span><br \/>\n<span style=\"color: #003366;\">M\u00fct. Dr. H\u0259mid\u0259 Abbasova (Az\u0259rbaycan)<\/span><br \/>\n<span style=\"color: #003366;\">M\u00fct. Dr. X\u0259yal\u0259 Bax\u015fal\u0131yeva (Az\u0259rbaycan)<\/span><br \/>\n<span style=\"color: #003366;\">M\u00fct. Dr. Intiqam Qurban\u0259lisoy (Az\u0259rbaycan)<\/span><br \/>\n<span style=\"color: #003366;\">M\u00fct. Dr. Mahir Ramazanov (Az\u0259rbaycan)<\/span><br \/>\n<span style=\"color: #003366;\">M\u00fct. Dr. M\u0259hbub\u0259 S\u0259f\u0259rova (Az\u0259rbaycan)<\/span><br \/>\n<span style=\"color: #003366;\">M\u00fct. Dr. M\u0259smal\u0131 Mustafayev (Az\u0259rbaycan)<\/span><br \/>\n<span style=\"color: #003366;\">M\u00fct. Dr. Mehriban Seyf\u0259ddinova (Az\u0259rbaycan)<\/span><br \/>\n<span style=\"color: #003366;\">M\u00fct. Dr. Nicat S\u0259limzad\u0259 (Az\u0259rbaycan)<\/span><br \/>\n<span style=\"color: #003366;\">M\u00fct. Dr. Nigar M\u00fct\u0259llimova (Az\u0259rbaycan) <\/span><br \/>\n<span style=\"color: #003366;\">M\u00fct. Dr. N\u0259rgiz H\u00fcseynova (Az\u0259rbaycan)<\/span><br \/>\n<span style=\"color: #003366;\">M\u00fct. Dr. Nuriy\u0259 S\u0259limova (Az\u0259rbaycan)<\/span><br \/>\n<span style=\"color: #003366;\">M\u00fct. Dr. P\u0259rvin Orucova (Az\u0259rbaycan)<\/span><br \/>\n<span style=\"color: #003366;\">M\u00fct. Dr. R\u0259\u015fad M\u0259mm\u0259dov (Az\u0259rbaycan)<\/span><br \/>\n<span style=\"color: #003366;\">M\u00fct. Dr. R\u0259van \u0130brahimov (Az\u0259rbaycan)<\/span><br \/>\n<span style=\"color: #003366;\">M\u00fct. Dr. \u015e\u00f6hr\u0259t Nurm\u0259mm\u0259dov (Az\u0259rbaycan)<\/span><br \/>\n<span style=\"color: #003366;\">M\u00fct. Dr. Taleh \u018fliyev (Az\u0259rbaycan)<\/span><br \/>\n<span style=\"color: #003366;\">M\u00fct. Dr. T\u0259briz H\u0259s\u0259nov (Az\u0259rbaycan)<\/span><br \/>\n<span style=\"color: #003366;\">M\u00fct. Dr. Tural Ibrahimov (Az\u0259rbaycan)<\/span><br \/>\n<span style=\"color: #003366;\">M\u00fct. Dr. \u00dclvi N\u0259sirov (Az\u0259rbaycan)<\/span><br \/>\n<span style=\"color: #003366;\">M\u00fct. Dr. \u00dclviyya Mustafayeva (Az\u0259rbaycan)<\/span><br \/>\n<span style=\"color: #003366;\">M\u00fct. Dr. Q\u0259m\u0259r M\u0259mm\u0259db\u0259yova (Az\u0259rbaycan)<\/span><br \/>\n<span style=\"color: #003366;\">M\u00fct. Dr. V\u00fcsal\u0259 \u018fhm\u0259dzad\u0259 (Az\u0259rbaycan)<\/span><br \/>\n<span style=\"color: #003366;\">PhDc. Aid\u0259 Ad\u0131kozalova (Az\u0259rbaycan)<\/span><br \/>\n<span style=\"color: #003366;\">PhDc. Ad\u0259m N\u0259c\u0259fli (Az\u0259rbaycan)<\/span><br \/>\n<span style=\"color: #003366;\">PhDc. S\u0259bin\u0259 Mehdizad\u0259 (Az\u0259rbaycan)<\/span>[\/vc_column_text]\t<\/div>\n<\/div><\/div>[\/vc_column][\/vc_row]<\/p>\n","protected":false},"excerpt":{"rendered":"<p>[vc_row][vc_column][\/vc_column][\/vc_row]<\/p>\n","protected":false},"author":1,"featured_media":0,"parent":0,"menu_order":0,"comment_status":"closed","ping_status":"closed","template":"","meta":{"footnotes":""},"class_list":["post-3848","page","type-page","status-publish","hentry"],"_links":{"self":[{"href":"https:\/\/azltk2026.org\/index.php?rest_route=\/wp\/v2\/pages\/3848","targetHints":{"allow":["GET"]}}],"collection":[{"href":"https:\/\/azltk2026.org\/index.php?rest_route=\/wp\/v2\/pages"}],"about":[{"href":"https:\/\/azltk2026.org\/index.php?rest_route=\/wp\/v2\/types\/page"}],"author":[{"embeddable":true,"href":"https:\/\/azltk2026.org\/index.php?rest_route=\/wp\/v2\/users\/1"}],"replies":[{"embeddable":true,"href":"https:\/\/azltk2026.org\/index.php?rest_route=%2Fwp%2Fv2%2Fcomments&post=3848"}],"version-history":[{"count":20,"href":"https:\/\/azltk2026.org\/index.php?rest_route=\/wp\/v2\/pages\/3848\/revisions"}],"predecessor-version":[{"id":5074,"href":"https:\/\/azltk2026.org\/index.php?rest_route=\/wp\/v2\/pages\/3848\/revisions\/5074"}],"wp:attachment":[{"href":"https:\/\/azltk2026.org\/index.php?rest_route=%2Fwp%2Fv2%2Fmedia&parent=3848"}],"curies":[{"name":"wp","href":"https:\/\/api.w.org\/{rel}","templated":true}]}}