{"id":3843,"date":"2022-12-29T15:45:34","date_gmt":"2022-12-29T11:45:34","guid":{"rendered":"https:\/\/azltk2023.org\/?page_id=3843"},"modified":"2026-03-02T20:01:39","modified_gmt":"2026-03-02T16:01:39","slug":"konqresin-t%c9%99skilat-komit%c9%99si","status":"publish","type":"page","link":"https:\/\/azltk2026.org\/?page_id=3843","title":{"rendered":"Konqresin T\u0259\u015fkilat Komit\u0259si"},"content":{"rendered":"<p>[vc_row][vc_column]<div class=\"mkdf-accordion-holder mkdf-ac-default  mkdf-accordion mkdf-ac-boxed mkdf-white-skin clearfix\">\n\t<h6 class=\"mkdf-accordion-title\">\n    <span class=\"mkdf-accordion-mark\">\n\t\t<span class=\"mkdf_icon_plus icon_plus\"><\/span>\n\t\t<span class=\"mkdf_icon_minus icon_minus-06\"><\/span>\n\t<\/span>\n\t<span class=\"mkdf-tab-title\">Konqresin T\u0259\u015fkilat Komit\u0259si<\/span>\n<\/h6>\n<div class=\"mkdf-accordion-content\">\n\t<div class=\"mkdf-accordion-content-inner\">\n\t\t[vc_column_text css_animation=&#8221;none&#8221;]<\/p>\n<p align=\"left\"><span style=\"color: #003366;\"><b>KONQRES\u0130N F\u018fXR\u0130 S\u018fDR\u0130<\/b><\/span><\/p>\n<p align=\"left\"><span style=\"color: #003366;\">Prof. Dr. Arif \u018ff\u0259ndiyev<\/span><\/p>\n<p>&nbsp;<\/p>\n<p align=\"left\"><span style=\"color: #003366;\"><b>KONQRES\u0130N S\u018fDR\u0130<\/b><\/span><\/p>\n<p align=\"left\"><span style=\"color: #003366;\">Dos. Dr. Ramin Bayraml\u0131<\/span><\/p>\n<p>&nbsp;<\/p>\n<p align=\"left\"><span style=\"color: #003366;\"><b>KONQRES\u0130N S\u018fDR M\u00dcAV\u0130NL\u018fR\u0130<\/b><\/span><\/p>\n<p align=\"left\"><span style=\"color: #003366;\">T\u00fcFD. Dr. Yav\u0259r Hac\u0131soy<\/span><\/p>\n<p align=\"left\"><span style=\"color: #003366;\">Dos. Dr. Aqil Orucov<\/span><\/p>\n<p>&nbsp;<\/p>\n<p align=\"left\"><span style=\"color: #003366;\"><b>KONQRES\u0130N ELM\u0130 KAT\u0130BL\u018fR\u0130<\/b><\/span><\/p>\n<p align=\"left\"><span style=\"color: #003366;\">M\u00fct. Dr. Bayram Taqiyev<\/span><\/p>\n<p align=\"left\"><span style=\"color: #003366;\">M\u00fct. Dr. Camal Musayev<\/span><\/p>\n<p align=\"left\"><span style=\"color: #003366;\">Uzm. Dr. Nigar \u018ff\u0259ndiyeva<\/span><\/p>\n<p align=\"left\"><span style=\"color: #003366;\">PhDc. Ag\u0306arza Ag\u0306ayev<\/span><\/p>\n<p>&nbsp;<\/p>\n<p><strong><span style=\"color: #003366;\">T\u018f\u015eK\u0130LAT KOM\u0130T\u018fS\u0130N\u0130N \u00dcZVL\u018fR\u0130<\/span><\/strong><\/p>\n<p><span style=\"color: #003366;\">Mu\u0308t. Dr. Taleh \u018fliyev (Az\u0259rbaycan)<\/span><br \/>\n<span style=\"color: #003366;\">Prof. Dr. Gu\u0308lnar\u0259 \u018fzizova (Az\u0259rbaycan)<\/span><br \/>\n<span style=\"color: #003366;\">Prof. Dr. H\u0259qiq\u0259t Q\u0259dirova (Az\u0259rbaycan)<\/span><br \/>\n<span style=\"color: #003366;\">Prof. Dr. Akif Qurbanov (Az\u0259rbaycan)<\/span><br \/>\n<span style=\"color: #003366;\">Dos.Dr. H\u0259yat \u018fliyeva (Az\u0259rbaycan)<\/span><br \/>\n<span style=\"color: #003366;\">Prof. Dr. Dildar Konukog\u0306lu (Tu\u0308rkiy\u0259)<\/span><br \/>\n<span style=\"color: #003366;\">Prof. Dr. Nuran Esen (Tu\u0308rkiy\u0259)<\/span><br \/>\n<span style=\"color: #003366;\">Prof. Dr. Tomas Zima (\u00c7exiya Respublikas\u0131)<\/span><br \/>\n<span style=\"color: #003366;\">PhD. Dr. Emil Rzayev (Az\u0259rbaycan)<\/span><br \/>\n<span style=\"color: #003366;\">Tu\u0308FD. Dr. Valeh Hu\u0308seynov (Az\u0259rbaycan)<\/span><br \/>\n<span style=\"color: #003366;\">Tu\u0308FD. Dr. M\u0259ry\u0259m Qas\u0131mova (Az\u0259rbaycan)<\/span><br \/>\n<span style=\"color: #003366;\">Bu\u0308FD. Dr. Arif Yusifov (Az\u0259rbaycan)<\/span><br \/>\n<span style=\"color: #003366;\">Uzm. Dr. E. Cu\u0308neyt Canbulat (Tu\u0308rkiy\u0259)<\/span><br \/>\n<span style=\"color: #003366;\">Uzm. Dr. Aynur Ismay\u0131l (T\u00fcrkiy\u0259)<\/span><br \/>\n<span style=\"color: #003366;\">Uzm. Dr. Aynur\u0259 Zeynalova (Az\u0259rbaycan)<\/span><br \/>\n<span style=\"color: #003366;\">Mu\u0308t. Dr. Bahadur Abbasov (Az\u0259rbaycan)<\/span><br \/>\n<span style=\"color: #003366;\">Mu\u0308t. Dr. \u00c7inar\u0259 Hac\u0131yeva (Az\u0259rbaycan)<\/span><br \/>\n<span style=\"color: #003366;\">Mu\u0308t. Dr. R\u0259\u015fad M\u0259mm\u0259dov (Az\u0259rbaycan)<\/span><br \/>\n<span style=\"color: #003366;\">Mu\u0308t. Dr. R\u0259van Ibrahimov (Az\u0259rbaycan)<\/span><br \/>\n<span style=\"color: #003366;\">PhD. C\u0259mil\u0259 Bayramova (Az\u0259rbaycan)<\/span>[\/vc_column_text]\t<\/div>\n<\/div><\/div>[\/vc_column][\/vc_row]<\/p>\n","protected":false},"excerpt":{"rendered":"<p>[vc_row][vc_column][\/vc_column][\/vc_row]<\/p>\n","protected":false},"author":1,"featured_media":0,"parent":0,"menu_order":0,"comment_status":"closed","ping_status":"closed","template":"","meta":{"footnotes":""},"class_list":["post-3843","page","type-page","status-publish","hentry"],"_links":{"self":[{"href":"https:\/\/azltk2026.org\/index.php?rest_route=\/wp\/v2\/pages\/3843","targetHints":{"allow":["GET"]}}],"collection":[{"href":"https:\/\/azltk2026.org\/index.php?rest_route=\/wp\/v2\/pages"}],"about":[{"href":"https:\/\/azltk2026.org\/index.php?rest_route=\/wp\/v2\/types\/page"}],"author":[{"embeddable":true,"href":"https:\/\/azltk2026.org\/index.php?rest_route=\/wp\/v2\/users\/1"}],"replies":[{"embeddable":true,"href":"https:\/\/azltk2026.org\/index.php?rest_route=%2Fwp%2Fv2%2Fcomments&post=3843"}],"version-history":[{"count":36,"href":"https:\/\/azltk2026.org\/index.php?rest_route=\/wp\/v2\/pages\/3843\/revisions"}],"predecessor-version":[{"id":5165,"href":"https:\/\/azltk2026.org\/index.php?rest_route=\/wp\/v2\/pages\/3843\/revisions\/5165"}],"wp:attachment":[{"href":"https:\/\/azltk2026.org\/index.php?rest_route=%2Fwp%2Fv2%2Fmedia&parent=3843"}],"curies":[{"name":"wp","href":"https:\/\/api.w.org\/{rel}","templated":true}]}}