{"id":3722,"date":"2022-12-27T16:57:15","date_gmt":"2022-12-27T12:57:15","guid":{"rendered":"https:\/\/azltk2023.org\/?page_id=3722"},"modified":"2023-01-04T12:30:18","modified_gmt":"2023-01-04T08:30:18","slug":"komit%c9%99l%c9%99r","status":"publish","type":"page","link":"https:\/\/azltk2026.org\/?page_id=3722","title":{"rendered":"Komit\u0259l\u0259r"},"content":{"rendered":"<p>[vc_row][vc_column]<div class=\"mkdf-accordion-holder mkdf-ac-default  mkdf-accordion mkdf-ac-boxed  clearfix\">\n\t<h5 class=\"mkdf-accordion-title\">\n    <span class=\"mkdf-accordion-mark\">\n\t\t<span class=\"mkdf_icon_plus icon_plus\"><\/span>\n\t\t<span class=\"mkdf_icon_minus icon_minus-06\"><\/span>\n\t<\/span>\n\t<span class=\"mkdf-tab-title\">Konqresin T\u0259\u015fkilat Komit\u0259si<\/span>\n<\/h5>\n<div class=\"mkdf-accordion-content\">\n\t<div class=\"mkdf-accordion-content-inner\">\n\t\t[vc_column_text]<span style=\"color: #000000;\"><strong>Konqresin h\u0259ms\u0259drl\u0259ri<\/strong><\/span><\/p>\n<ul>\n<li><span style=\"color: #003366;\">Arif \u018ff\u0259ndiyev<\/span><\/li>\n<li><span style=\"color: #003366;\">Ramin Bayraml\u0131<\/span><\/li>\n<\/ul>\n<p><span style=\"color: #000000;\"><strong>\u00a0<\/strong><\/span><span style=\"color: #000000;\"><strong>Konqresin s\u0259dr m\u00fcavinl\u0259ri<\/strong><\/span><\/p>\n<ul>\n<li><span style=\"color: #003366;\">Mehman Quliyev<\/span><\/li>\n<li><span style=\"color: #003366;\">Yav\u0259r Hac\u0131soy<\/span><\/li>\n<\/ul>\n<p><strong><span style=\"color: #000000;\">\u00a0<\/span><span style=\"color: #000000;\">Konqresin elmi katibl\u0259ri<\/span><\/strong><\/p>\n<ul>\n<li><span style=\"color: #003366;\">\u018ffsan\u0259 M\u0259mm\u0259dova\u00a0<\/span><\/li>\n<li><span style=\"color: #003366;\">Bayram Taqiyev<\/span><\/li>\n<\/ul>\n<p><span style=\"color: #000000;\"><strong>\u00dczvl\u0259r<\/strong><\/span><\/p>\n<ul>\n<li><span style=\"color: #003366;\">Taleh \u018fliyev<\/span><\/li>\n<li><span style=\"color: #003366;\">Dildar Konuko\u011flu (T\u00fcrkiy\u0259)<\/span><\/li>\n<li><span style=\"color: #003366;\">C\u00fcneyt Canbulat (T\u00fcrkiy\u0259)<\/span><\/li>\n<li><span style=\"color: #003366;\">Sebahat Aksaray (T\u00fcrkiy\u0259)<\/span><\/li>\n<li><span style=\"color: #003366;\">Bar\u0131\u015f Otlu (T\u00fcrkiy\u0259)<\/span><\/li>\n<li><span style=\"color: #003366;\">A\u011farza A\u011fayev (Az\u0259rbaycan)<\/span><\/li>\n<\/ul>\n<p>[\/vc_column_text]\t<\/div>\n<\/div><\/div><div class=\"mkdf-accordion-holder mkdf-ac-default  mkdf-accordion mkdf-ac-boxed  clearfix\">\n\t<h5 class=\"mkdf-accordion-title\">\n    <span class=\"mkdf-accordion-mark\">\n\t\t<span class=\"mkdf_icon_plus icon_plus\"><\/span>\n\t\t<span class=\"mkdf_icon_minus icon_minus-06\"><\/span>\n\t<\/span>\n\t<span class=\"mkdf-tab-title\">Konqresin Elmi Komit\u0259si<\/span>\n<\/h5>\n<div class=\"mkdf-accordion-content\">\n\t<div class=\"mkdf-accordion-content-inner\">\n\t\t[vc_column_text]<\/p>\n<ul>\n<li><span style=\"color: #003366;\">Adil Allahverdiyev<\/span><\/li>\n<li><span style=\"color: #003366;\">Akif Qurbanov<\/span><\/li>\n<li><span style=\"color: #003366;\">H\u0259qiq\u0259t Q\u0259dirova\u00a0<\/span><\/li>\n<li><span style=\"color: #003366;\">\u00c7inar\u0259 Hac\u0131yeva\u00a0<\/span><\/li>\n<li><span style=\"color: #003366;\">Dilar\u0259 \u018fl\u0259kb\u0259rli\u00a0<\/span><\/li>\n<li><span style=\"color: #003366;\">Nuran\u0259 Taqiyeva<\/span><\/li>\n<li><span style=\"color: #003366;\">Aqil Orucov\u00a0<\/span><\/li>\n<li><span style=\"color: #003366;\">H\u0259yat \u018fliyeva\u00a0<\/span><\/li>\n<li><span style=\"color: #003366;\">Samir Cavadov<\/span><\/li>\n<li><span style=\"color: #003366;\">Vidadi N\u0259rimanov\u00a0<\/span><\/li>\n<li><span style=\"color: #003366;\">Arif Yusifov\u00a0<\/span><\/li>\n<li><span style=\"color: #003366;\">Leyla M\u0259mm\u0259dova\u00a0<\/span><\/li>\n<li><span style=\"color: #003366;\">Valeh H\u00fcseynov\u00a0<\/span><\/li>\n<li><span style=\"color: #003366;\">Ayt\u0259n Cavadova\u00a0<\/span><\/li>\n<li><span style=\"color: #003366;\">Camal Musayev\u00a0<\/span><\/li>\n<li><span style=\"color: #003366;\">\u0130skender Karalt\u0131 (T\u00fcrkiy\u0259)<\/span><\/li>\n<li><span style=\"color: #003366;\">Lal\u0259 Q\u0259hr\u0259manl\u0131\u00a0<\/span><\/li>\n<li><span style=\"color: #003366;\">Mircavid M\u00fcsl\u00fcmov\u00a0<\/span><\/li>\n<li><span style=\"color: #003366;\">Murad \u018fh\u0259dov\u00a0<\/span><\/li>\n<li><span style=\"color: #003366;\">\u00dclviyy\u0259 H\u00fcseynova<\/span><\/li>\n<\/ul>\n<p>[\/vc_column_text]\t<\/div>\n<\/div><\/div>[\/vc_column][\/vc_row]<\/p>\n","protected":false},"excerpt":{"rendered":"<p>[vc_row][vc_column][\/vc_column][\/vc_row]<\/p>\n","protected":false},"author":1,"featured_media":0,"parent":0,"menu_order":0,"comment_status":"closed","ping_status":"closed","template":"","meta":{"footnotes":""},"class_list":["post-3722","page","type-page","status-publish","hentry"],"_links":{"self":[{"href":"https:\/\/azltk2026.org\/index.php?rest_route=\/wp\/v2\/pages\/3722","targetHints":{"allow":["GET"]}}],"collection":[{"href":"https:\/\/azltk2026.org\/index.php?rest_route=\/wp\/v2\/pages"}],"about":[{"href":"https:\/\/azltk2026.org\/index.php?rest_route=\/wp\/v2\/types\/page"}],"author":[{"embeddable":true,"href":"https:\/\/azltk2026.org\/index.php?rest_route=\/wp\/v2\/users\/1"}],"replies":[{"embeddable":true,"href":"https:\/\/azltk2026.org\/index.php?rest_route=%2Fwp%2Fv2%2Fcomments&post=3722"}],"version-history":[{"count":10,"href":"https:\/\/azltk2026.org\/index.php?rest_route=\/wp\/v2\/pages\/3722\/revisions"}],"predecessor-version":[{"id":3913,"href":"https:\/\/azltk2026.org\/index.php?rest_route=\/wp\/v2\/pages\/3722\/revisions\/3913"}],"wp:attachment":[{"href":"https:\/\/azltk2026.org\/index.php?rest_route=%2Fwp%2Fv2%2Fmedia&parent=3722"}],"curies":[{"name":"wp","href":"https:\/\/api.w.org\/{rel}","templated":true}]}}