{"id":3196,"date":"2020-01-29T21:06:38","date_gmt":"2020-01-29T21:06:38","guid":{"rendered":"http:\/\/ahmk.az\/?page_id=3196"},"modified":"2026-03-03T01:45:26","modified_gmt":"2026-03-02T21:45:26","slug":"contact","status":"publish","type":"page","link":"https:\/\/azltk2026.org\/?page_id=3196","title":{"rendered":"\u018flaq\u0259"},"content":{"rendered":"<p>[vc_row][vc_column][vc_row_inner][vc_column_inner width=&#8221;1\/4&#8243;][vc_empty_space height=&#8221;8px&#8221;][vc_single_image image=&#8221;3633&#8243;][vc_column_text]<span style=\"color: #003366;\"><strong>Az\u0259rbaycan Klinik Laboratoriya M\u00fct\u0259x\u0259ssisl\u0259ri \u0130ctimai Birliyi (AZKLM\u0130B)<\/strong><\/span><\/p>\n<p><span style=\"color: #003366;\"><strong>\u00dcnvan:<\/strong> \u018fhm\u0259d R\u0259c\u0259bli 19 R, Bak\u0131 , Az\u0259rbaycan<\/span>[\/vc_column_text][vc_column_text]<span style=\"color: #003366;\"><strong>E-po\u00e7t:<\/strong>\u00a0info@azklmib.az<\/span>[\/vc_column_text][vc_column_text]<span style=\"color: #003366;\"><strong>Tel:<\/strong>\u00a0+994 51 270 90 20<\/span>[\/vc_column_text][vc_single_image image=&#8221;4063&#8243; img_size=&#8221;&#8221;][vc_column_text]<span style=\"color: #003366;\"><strong>Mice Baku (Konqresin r\u0259smi t\u0259\u015fkilat\u00e7\u0131s\u0131)<\/strong><\/span><\/p>\n<p><span style=\"color: #003366;\"><strong>E-po\u00e7t:<\/strong> congress@micebaku.com<\/span>[\/vc_column_text][vc_column_text]<span style=\"color: #003366;\"><strong>Tel: <\/strong>+994 99 885 23 07<\/span>[\/vc_column_text][\/vc_column_inner][vc_column_inner width=&#8221;3\/4&#8243; css=&#8221;.vc_custom_1672493974080{border-left-width: 70px !important;}&#8221;]\n<div class=\"wpcf7 no-js\" id=\"wpcf7-f3211-o1\" lang=\"en-US\" dir=\"ltr\" data-wpcf7-id=\"3211\">\n<div class=\"screen-reader-response\"><p role=\"status\" aria-live=\"polite\" aria-atomic=\"true\"><\/p> <ul><\/ul><\/div>\n<form action=\"\/index.php?rest_route=%2Fwp%2Fv2%2Fpages%2F3196#wpcf7-f3211-o1\" method=\"post\" class=\"wpcf7-form init cf7_custom_style_3\" aria-label=\"Contact form\" novalidate=\"novalidate\" data-status=\"init\">\n<fieldset class=\"hidden-fields-container\"><input type=\"hidden\" name=\"_wpcf7\" value=\"3211\" \/><input type=\"hidden\" name=\"_wpcf7_version\" value=\"6.1.5\" \/><input type=\"hidden\" name=\"_wpcf7_locale\" value=\"en_US\" \/><input type=\"hidden\" name=\"_wpcf7_unit_tag\" value=\"wpcf7-f3211-o1\" \/><input type=\"hidden\" name=\"_wpcf7_container_post\" value=\"0\" \/><input type=\"hidden\" name=\"_wpcf7_posted_data_hash\" value=\"\" \/>\n<\/fieldset>\n<div class=\"mkdf-grid-row mkdf-grid-tiny-gutter\">\n\t<div class=\"mkdf-grid-col-6\">\n\t\t<p><span class=\"wpcf7-form-control-wrap\" data-name=\"your-name\"><input size=\"40\" maxlength=\"400\" class=\"wpcf7-form-control wpcf7-text wpcf7-validates-as-required\" aria-required=\"true\" aria-invalid=\"false\" placeholder=\"Ad\u0131n\u0131z\" value=\"\" type=\"text\" name=\"your-name\" \/><\/span>\n\t\t<\/p>\n\t<\/div>\n\t<div class=\"mkdf-grid-col-6\">\n\t\t<p><span class=\"wpcf7-form-control-wrap\" data-name=\"your-surname\"><input size=\"40\" maxlength=\"400\" class=\"wpcf7-form-control wpcf7-text wpcf7-validates-as-required\" aria-required=\"true\" aria-invalid=\"false\" placeholder=\"Soyad\u0131n\u0131z\" value=\"\" type=\"text\" name=\"your-surname\" \/><\/span>\n\t\t<\/p>\n\t<\/div>\n\t<div class=\"mkdf-grid-col-6\">\n\t\t<p><span class=\"wpcf7-form-control-wrap\" data-name=\"your-phone\"><input size=\"40\" maxlength=\"400\" class=\"wpcf7-form-control wpcf7-tel wpcf7-validates-as-required wpcf7-text wpcf7-validates-as-tel\" aria-required=\"true\" aria-invalid=\"false\" placeholder=\"\u018flaq\u0259 n\u00f6mr\u0259niz\" value=\"\" type=\"tel\" name=\"your-phone\" \/><\/span>\n\t\t<\/p>\n\t<\/div>\n\t<div class=\"mkdf-grid-col-6\">\n\t\t<p><span class=\"wpcf7-form-control-wrap\" data-name=\"your-email\"><input size=\"40\" maxlength=\"400\" class=\"wpcf7-form-control wpcf7-email wpcf7-validates-as-required wpcf7-text wpcf7-validates-as-email\" aria-required=\"true\" aria-invalid=\"false\" placeholder=\"E-po\u00e7t\" value=\"\" type=\"email\" name=\"your-email\" \/><\/span>\n\t\t<\/p>\n\t<\/div>\n<\/div>\n<p><span class=\"wpcf7-form-control-wrap\" data-name=\"your-message\"><textarea cols=\"40\" rows=\"10\" maxlength=\"2000\" class=\"wpcf7-form-control wpcf7-textarea wpcf7-validates-as-required\" aria-required=\"true\" aria-invalid=\"false\" placeholder=\"M\u0259ktubunuz...\" name=\"your-message\"><\/textarea><\/span>\n<\/p>\n<p><input class=\"wpcf7-form-control wpcf7-submit has-spinner\" type=\"submit\" value=\"G\u00f6nd\u0259r\" \/>\n<\/p><div class=\"wpcf7-response-output\" aria-hidden=\"true\"><\/div>\n<\/form>\n<\/div>\n[\/vc_column_inner][\/vc_row_inner][vc_empty_space][\/vc_column][\/vc_row]<\/p>\n","protected":false},"excerpt":{"rendered":"<p>[vc_row][vc_column][vc_row_inner][vc_column_inner width=&#8221;1\/4&#8243;][vc_empty_space height=&#8221;8px&#8221;][vc_single_image image=&#8221;3633&#8243;][vc_column_text]Az\u0259rbaycan Klinik Laboratoriya M\u00fct\u0259x\u0259ssisl\u0259ri \u0130ctimai Birliyi (AZKLM\u0130B) \u00dcnvan: \u018fhm\u0259d R\u0259c\u0259bli 19 R, Bak\u0131 , Az\u0259rbaycan[\/vc_column_text][vc_column_text]E-po\u00e7t:\u00a0info@azklmib.az[\/vc_column_text][vc_column_text]Tel:\u00a0+994 51 270 90 20[\/vc_column_text][vc_single_image image=&#8221;4063&#8243; img_size=&#8221;&#8221;][vc_column_text]Mice Baku (Konqresin r\u0259smi t\u0259\u015fkilat\u00e7\u0131s\u0131) E-po\u00e7t: congress@micebaku.com[\/vc_column_text][vc_column_text]Tel: +994 99 885 23 07[\/vc_column_text][\/vc_column_inner][vc_column_inner width=&#8221;3\/4&#8243; css=&#8221;.vc_custom_1672493974080{border-left-width: 70px !important;}&#8221;][\/vc_column_inner][\/vc_row_inner][vc_empty_space][\/vc_column][\/vc_row]<\/p>\n","protected":false},"author":1,"featured_media":0,"parent":0,"menu_order":0,"comment_status":"closed","ping_status":"closed","template":"","meta":{"footnotes":""},"class_list":["post-3196","page","type-page","status-publish","hentry"],"_links":{"self":[{"href":"https:\/\/azltk2026.org\/index.php?rest_route=\/wp\/v2\/pages\/3196","targetHints":{"allow":["GET"]}}],"collection":[{"href":"https:\/\/azltk2026.org\/index.php?rest_route=\/wp\/v2\/pages"}],"about":[{"href":"https:\/\/azltk2026.org\/index.php?rest_route=\/wp\/v2\/types\/page"}],"author":[{"embeddable":true,"href":"https:\/\/azltk2026.org\/index.php?rest_route=\/wp\/v2\/users\/1"}],"replies":[{"embeddable":true,"href":"https:\/\/azltk2026.org\/index.php?rest_route=%2Fwp%2Fv2%2Fcomments&post=3196"}],"version-history":[{"count":64,"href":"https:\/\/azltk2026.org\/index.php?rest_route=\/wp\/v2\/pages\/3196\/revisions"}],"predecessor-version":[{"id":5177,"href":"https:\/\/azltk2026.org\/index.php?rest_route=\/wp\/v2\/pages\/3196\/revisions\/5177"}],"wp:attachment":[{"href":"https:\/\/azltk2026.org\/index.php?rest_route=%2Fwp%2Fv2%2Fmedia&parent=3196"}],"curies":[{"name":"wp","href":"https:\/\/api.w.org\/{rel}","templated":true}]}}