{"id":3192,"date":"2020-01-29T21:03:42","date_gmt":"2020-01-29T21:03:42","guid":{"rendered":"http:\/\/ahmk.az\/?page_id=3192"},"modified":"2026-04-17T00:33:43","modified_gmt":"2026-04-16T20:33:43","slug":"general-information","status":"publish","type":"page","link":"https:\/\/azltk2026.org\/?page_id=3192","title":{"rendered":"\u00dcmumi M\u0259lumatlar"},"content":{"rendered":"<p>[vc_row content_placement=&#8221;bottom&#8221; css=&#8221;.vc_custom_1672232077649{background-color: #f4f4f4 !important;}&#8221;][vc_column]<div class=\"mkdf-accordion-holder mkdf-ac-default  mkdf-accordion mkdf-ac-boxed mkdf-white-skin clearfix\">\n\t<h5 class=\"mkdf-accordion-title\">\n    <span class=\"mkdf-accordion-mark\">\n\t\t<span class=\"mkdf_icon_plus icon_plus\"><\/span>\n\t\t<span class=\"mkdf_icon_minus icon_minus-06\"><\/span>\n\t<\/span>\n\t<span class=\"mkdf-tab-title\">Konqres tarixi<\/span>\n<\/h5>\n<div class=\"mkdf-accordion-content\">\n\t<div class=\"mkdf-accordion-content-inner\">\n\t\t[vc_column_text]<span style=\"color: #003366;\"><span style=\"font-family: Cambria, serif;\">Konqres <\/span><\/span><span style=\"color: #003366;\"><span style=\"font-family: Cambria, serif;\"><span lang=\"az-Latn-AZ\">30 aprel-2<\/span><\/span><\/span><span style=\"color: #003366;\"><span style=\"font-family: Cambria, serif;\"> may 202<\/span><\/span><span style=\"color: #003366;\"><span style=\"font-family: Cambria, serif;\"><span lang=\"az-Latn-AZ\">6<\/span><\/span><\/span><span style=\"color: #003366;\"><span style=\"font-family: Cambria, serif;\">-c<\/span><\/span><span style=\"color: #003366;\"><span style=\"font-family: Cambria, serif;\"><span lang=\"az-Latn-AZ\">\u0131<\/span><\/span><\/span><span style=\"color: #003366;\"><span style=\"font-family: Cambria, serif;\"> il tarixl\u0259ri aras\u0131nda ke\u00e7iril\u0259c\u0259kdir.<\/span><\/span>[\/vc_column_text]\t<\/div>\n<\/div><\/div><div class=\"mkdf-accordion-holder mkdf-ac-default  mkdf-accordion mkdf-ac-boxed mkdf-white-skin clearfix\">\n\t<h5 class=\"mkdf-accordion-title\">\n    <span class=\"mkdf-accordion-mark\">\n\t\t<span class=\"mkdf_icon_plus icon_plus\"><\/span>\n\t\t<span class=\"mkdf_icon_minus icon_minus-06\"><\/span>\n\t<\/span>\n\t<span class=\"mkdf-tab-title\">Konqresin ke\u00e7iril\u0259c\u0259yi yer<\/span>\n<\/h5>\n<div class=\"mkdf-accordion-content\">\n\t<div class=\"mkdf-accordion-content-inner\">\n\t\t[vc_column_text]<span style=\"color: #003366;\">\u201cBaku Marriott Hotel Boulevard\u201d, Konqres M\u0259rk\u0259zi<\/span><br data-start=\"48\" data-end=\"51\" \/><span style=\"color: #003366;\">\u00a0Hava liman\u0131 m\u0259saf\u0259si: 23 km<\/span><br data-start=\"78\" data-end=\"81\" \/><span style=\"color: #003366;\">\u00a0Transfer vaxt\u0131: 30 d\u0259qiq\u0259<\/span><\/p>\n<p>&nbsp;<\/p>\n<p><iframe loading=\"lazy\" style=\"border: 0;\" src=\"https:\/\/www.google.com\/maps\/embed?pb=!1m18!1m12!1m3!1d3039.5328072564103!2d49.881050374435695!3d40.37488245818768!2m3!1f0!2f0!3f0!3m2!1i1024!2i768!4f13.1!3m3!1m2!1s0x40307d1f85d9b639%3A0xeda9cb854d1b6add!2sBaku%20Marriott%20Hotel%20Boulevard!5e0!3m2!1str!2saz!4v1771525622961!5m2!1str!2saz\" width=\"800\" height=\"450\" allowfullscreen=\"allowfullscreen\"><span data-mce-type=\"bookmark\" style=\"display: inline-block; width: 0px; overflow: hidden; line-height: 0;\" class=\"mce_SELRES_start\">\ufeff<\/span><\/iframe>[\/vc_column_text]\t<\/div>\n<\/div><\/div><div class=\"mkdf-accordion-holder mkdf-ac-default  mkdf-accordion mkdf-ac-boxed mkdf-white-skin clearfix\">\n\t<h5 class=\"mkdf-accordion-title\">\n    <span class=\"mkdf-accordion-mark\">\n\t\t<span class=\"mkdf_icon_plus icon_plus\"><\/span>\n\t\t<span class=\"mkdf_icon_minus icon_minus-06\"><\/span>\n\t<\/span>\n\t<span class=\"mkdf-tab-title\">Konqresin g\u00fcnd\u0259liyi<\/span>\n<\/h5>\n<div class=\"mkdf-accordion-content\">\n\t<div class=\"mkdf-accordion-content-inner\">\n\t\t[vc_column_text]<span style=\"color: #003366;\"><span style=\"font-family: Cambria, serif;\">Tezisl\u0259rin t\u0259qdim edilm\u0259sinin ba\u015flanma tarixi: <span class=\"a_GcMg font-feature-liga-off font-feature-clig-off font-feature-calt-off text-decoration-none text-strikethrough-none\">6 Yanvar 2026<\/span><\/span><\/span><\/p>\n<p><span style=\"color: #003366;\"><span style=\"font-family: Cambria, serif;\">Tezisl\u0259rin t\u0259qdim edilm\u0259si \u00fc\u00e7\u00fcn son tarix: <span class=\"a_GcMg font-feature-liga-off font-feature-clig-off font-feature-calt-off text-decoration-none text-strikethrough-none\">31 Mart 2026<\/span><\/span><\/span><\/p>\n<p><span style=\"color: #003366;\"><span style=\"font-family: Cambria, serif;\">Tezis n\u0259tic\u0259l\u0259rinin elan\u0131: <span class=\"a_GcMg font-feature-liga-off font-feature-clig-off font-feature-calt-off text-decoration-none text-strikethrough-none\">13 Aprel 2026<\/span><\/span><\/span><\/p>\n<p>&nbsp;<\/p>\n<h4><span style=\"color: #003366;\"><strong><span style=\"font-family: Cambria, serif;\">Posterl\u0259rin haz\u0131rlanma qaydas\u0131:<\/span><\/strong><\/span><\/h4>\n<p><span style=\"color: #003366;\"><strong><span style=\"font-family: Cambria, serif;\">\u00d6l\u00e7\u00fc: <\/span><\/strong><span style=\"font-family: Cambria, serif;\">70 sm (en) x 100 sm (h\u00fcnd\u00fcrl\u00fck) &#8211; \u015eaquli format<\/span><\/span><\/p>\n<p><span style=\"color: #003366; font-family: Cambria, serif;\"><b>M\u0259zmun: <\/b>Poster elmi i\u015fin m\u0259qs\u0259dini, metodunu, n\u0259tic\u0259l\u0259rini v\u0259 yekununu q\u0131sa \u015f\u0259kild\u0259 \u0259ks etdirm\u0259lidir.<\/span><\/p>\n<p><span style=\"color: #003366; font-family: Cambria, serif;\"><b>Oxunaql\u0131l\u0131q: <\/b>Ba\u015fl\u0131qlar v\u0259 m\u0259tn \u0259n az\u0131 2 m k\u0259nardan asanl\u0131qla oxuna bil\u0259c\u0259k formada olmal\u0131, qrafikl\u0259r is\u0259 ayd\u0131n v\u0259 keyfiyy\u0259tli t\u0259qdim edilm\u0259lidir.<\/span><\/p>\n<p><span style=\"color: #003366; font-family: Cambria, serif;\">Poster m\u00fc\u0259llifl\u0259ri elmi proqramda g\u00f6st\u0259ril\u0259n tarix v\u0259 saatlarda posterl\u0259rinin yan\u0131nda olmal\u0131 v\u0259 t\u0259dqiqatlar\u0131 bar\u0259d\u0259 m\u0259lumat verm\u0259lidirl\u0259r.<\/span><\/p>\n<p><span style=\"color: #003366; font-family: Cambria, serif;\">Poster m\u00fc\u0259llifl\u0259ri ayr\u0131lm\u0131\u015f vaxt\u0131n sonunda posterl\u0259rini g\u00f6t\u00fcrm\u0259lidirl\u0259r. Qeyd olunan vaxtda\u00a0 g\u00f6t\u00fcr\u00fclm\u0259y\u0259n posterl\u0259r\u0259 g\u00f6r\u0259 m\u0259suliyy\u0259t poster m\u00fc\u0259llifl\u0259rin\u0259 aiddir.<\/span>[\/vc_column_text]\t<\/div>\n<\/div><\/div><div class=\"mkdf-accordion-holder mkdf-ac-default  mkdf-accordion mkdf-ac-boxed mkdf-white-skin clearfix\">\n\t<h5 class=\"mkdf-accordion-title\">\n    <span class=\"mkdf-accordion-mark\">\n\t\t<span class=\"mkdf_icon_plus icon_plus\"><\/span>\n\t\t<span class=\"mkdf_icon_minus icon_minus-06\"><\/span>\n\t<\/span>\n\t<span class=\"mkdf-tab-title\">Konqres dili<\/span>\n<\/h5>\n<div class=\"mkdf-accordion-content\">\n\t<div class=\"mkdf-accordion-content-inner\">\n\t\t[vc_column_text]<span style=\"color: #003366;\"><span style=\"font-family: Cambria, serif;\">Konqresin r\u0259smi dili az\u0259rbaycan dilidir (ingilis dilind\u0259 edil\u0259c\u0259k \u00e7\u0131x\u0131\u015flar sinxron olaraq t\u0259rc\u00fcm\u0259 edil\u0259c\u0259kdir).<\/span><\/span>[\/vc_column_text]\t<\/div>\n<\/div><\/div><div class=\"mkdf-accordion-holder mkdf-ac-default  mkdf-accordion mkdf-ac-boxed mkdf-white-skin clearfix\">\n\t<h5 class=\"mkdf-accordion-title\">\n    <span class=\"mkdf-accordion-mark\">\n\t\t<span class=\"mkdf_icon_plus icon_plus\"><\/span>\n\t\t<span class=\"mkdf_icon_minus icon_minus-06\"><\/span>\n\t<\/span>\n\t<span class=\"mkdf-tab-title\">Stend v\u0259 S\u0259rgi sah\u0259l\u0259ri<\/span>\n<\/h5>\n<div class=\"mkdf-accordion-content\">\n\t<div class=\"mkdf-accordion-content-inner\">\n\t\t[vc_column_text]<span style=\"color: #003366;\"><span style=\"font-family: Cambria, serif;\">\u018fcza\u00e7\u0131l\u0131q s\u0259nayesi v\u0259 \u0259laq\u0259li cihaz \u015firk\u0259tl\u0259rinin i\u015ftirak ed\u0259c\u0259yi stendl\u0259r v\u0259 s\u0259rgi sah\u0259l\u0259ri <\/span><\/span><span style=\"color: #003366;\"><span style=\"font-family: Cambria, serif;\"><span lang=\"az-Latn-AZ\">30 aprel-2<\/span><\/span><\/span><span style=\"color: #003366;\"><span style=\"font-family: Cambria, serif;\"> may 202<\/span><\/span><span style=\"color: #003366;\"><span style=\"font-family: Cambria, serif;\"><span lang=\"az-Latn-AZ\">6<\/span><\/span><\/span><span style=\"color: #003366;\"><span style=\"font-family: Cambria, serif;\">-c<\/span><\/span><span style=\"color: #003366;\"><span style=\"font-family: Cambria, serif;\"><span lang=\"az-Latn-AZ\">\u0131<\/span><\/span><\/span><span style=\"color: #003366;\"><span style=\"font-family: Cambria, serif;\"> il tarixl\u0259ri aras\u0131nda a\u015fa\u011f\u0131da g\u00f6st\u0259ril\u0259n vaxtlarda i\u015ftirak\u00e7\u0131lar \u00fc\u00e7\u00fcn a\u00e7\u0131q olacaq.<\/span><\/span><\/p>\n<p><span style=\"color: #ff0000;\"><span style=\"font-family: Cambria, serif;\"><span lang=\"az-Latn-AZ\">30 aprel<\/span><\/span><\/span><span style=\"color: #ff0000;\"><span style=\"font-family: Cambria, serif;\"> 202<\/span><\/span><span style=\"color: #ff0000;\"><span style=\"font-family: Cambria, serif;\"><span lang=\"az-Latn-AZ\">6<\/span><\/span><\/span><span style=\"color: #ff0000;\"><span style=\"font-family: Cambria, serif;\">: 08:00 \u2013 18:00<\/span><\/span><\/p>\n<p><span style=\"color: #ff0000;\"><span style=\"font-family: Cambria, serif;\">0<\/span><\/span><span style=\"color: #ff0000;\"><span style=\"font-family: Cambria, serif;\"><span lang=\"az-Latn-AZ\">1<\/span><\/span><\/span><span style=\"color: #ff0000;\"><span style=\"font-family: Cambria, serif;\"> may 202<\/span><\/span><span style=\"color: #ff0000;\"><span style=\"font-family: Cambria, serif;\"><span lang=\"az-Latn-AZ\">6<\/span><\/span><\/span><span style=\"color: #ff0000;\"><span style=\"font-family: Cambria, serif;\">: 08:00 \u2013 18:00<\/span><\/span><\/p>\n<p><span style=\"color: #ff0000;\"><span style=\"font-family: Cambria, serif;\">0<\/span><\/span><span style=\"color: #ff0000;\"><span style=\"font-family: Cambria, serif;\"><span lang=\"az-Latn-AZ\">2<\/span><\/span><\/span><span style=\"color: #ff0000;\"><span style=\"font-family: Cambria, serif;\"> may 202<\/span><\/span><span style=\"color: #ff0000;\"><span style=\"font-family: Cambria, serif;\"><span lang=\"az-Latn-AZ\">6<\/span><\/span><\/span><span style=\"color: #ff0000;\"><span style=\"font-family: Cambria, serif;\">: 08:00 \u2013 18:00<\/span><\/span>[\/vc_column_text]\t<\/div>\n<\/div><\/div><div class=\"mkdf-accordion-holder mkdf-ac-default  mkdf-accordion mkdf-ac-boxed mkdf-white-skin clearfix\">\n\t<h5 class=\"mkdf-accordion-title\">\n    <span class=\"mkdf-accordion-mark\">\n\t\t<span class=\"mkdf_icon_plus icon_plus\"><\/span>\n\t\t<span class=\"mkdf_icon_minus icon_minus-06\"><\/span>\n\t<\/span>\n\t<span class=\"mkdf-tab-title\">Yaxa kart\u0131<\/span>\n<\/h5>\n<div class=\"mkdf-accordion-content\">\n\t<div class=\"mkdf-accordion-content-inner\">\n\t\t[vc_column_text]<span style=\"color: #003366;\"><span style=\"font-family: Cambria, serif;\">T\u0259hl\u00fck\u0259sizlik bax\u0131m\u0131ndan b\u00fct\u00fcn i\u015ftirak\u00e7\u0131lardan\u00a0<\/span><\/span><span style=\"color: #ff0000;\"><span style=\"font-family: Cambria, serif;\"><span lang=\"az-Latn-AZ\">30 aprel-2<\/span><\/span><\/span><span style=\"color: #ff0000;\"><span style=\"font-family: Cambria, serif;\"> may 202<\/span><\/span><span style=\"color: #ff0000;\"><span style=\"font-family: Cambria, serif;\"><span lang=\"az-Latn-AZ\">6<\/span><\/span><\/span><span style=\"color: #ff0000;\"><span style=\"font-family: Cambria, serif;\">-c<\/span><\/span><span style=\"color: #ff0000;\"><span style=\"font-family: Cambria, serif;\"><span lang=\"az-Latn-AZ\">\u0131<\/span><\/span><\/span><span style=\"color: #ff0000;\"><span style=\"font-family: Cambria, serif;\"> il <\/span><\/span><span style=\"color: #003366;\"><span style=\"font-family: Cambria, serif;\">tarixl\u0259ri aras\u0131nda Konqres M\u0259rk\u0259zinin giri\u015find\u0259, elmi sessiya v\u0259 nahar zaman\u0131, stend sah\u0259l\u0259rind\u0259 v\u0259 dig\u0259r sosial proqramlarda yaxa kartlar\u0131n\u0131 taxmalar\u0131 xahi\u015f olunur.<\/span><\/span>[\/vc_column_text]\t<\/div>\n<\/div><\/div><div class=\"mkdf-accordion-holder mkdf-ac-default  mkdf-accordion mkdf-ac-boxed mkdf-white-skin clearfix\">\n\t<h5 class=\"mkdf-accordion-title\">\n    <span class=\"mkdf-accordion-mark\">\n\t\t<span class=\"mkdf_icon_plus icon_plus\"><\/span>\n\t\t<span class=\"mkdf_icon_minus icon_minus-06\"><\/span>\n\t<\/span>\n\t<span class=\"mkdf-tab-title\">D\u0259v\u0259t m\u0259ktubu<\/span>\n<\/h5>\n<div class=\"mkdf-accordion-content\">\n\t<div class=\"mkdf-accordion-content-inner\">\n\t\t[vc_column_text]<span style=\"color: #003366;\"><span style=\"font-family: Cambria, serif;\">Konqres T\u0259\u015fkilat Komit\u0259si ist\u0259k \u0259sas\u0131nda i\u015ftirak\u00e7\u0131lara r\u0259smi d\u0259v\u0259t m\u0259ktubu g\u00f6nd\u0259r\u0259c\u0259kdir. Bu d\u0259v\u0259t m\u0259ktubu i\u015ftirak\u00e7\u0131n\u0131n konqresd\u0259 i\u015ftirak etm\u0259k \u00fc\u00e7\u00fcn ehtiyac duydu\u011fu maliyy\u0259 d\u0259st\u0259yi, viza d\u0259st\u0259yi v\u0259 ya icaz\u0259 almas\u0131 m\u0259qs\u0259dil\u0259 istifad\u0259 edil\u0259 bil\u0259r. Bu, T\u0259\u015fkilat Komit\u0259sinin i\u015ftirak\u00e7\u0131lara maliyy\u0259 d\u0259st\u0259yi verm\u0259si anlam\u0131na g\u0259lmir. D\u0259v\u0259t m\u0259ktubu i\u015ftirak\u00e7\u0131 konqresd\u0259 qeydiyyatdan\u00a0 ke\u00e7dikd\u0259n sonra g\u00f6nd\u0259ril\u0259 bil\u0259r.<\/span><\/span>[\/vc_column_text]\t<\/div>\n<\/div><\/div><div class=\"mkdf-accordion-holder mkdf-ac-default  mkdf-accordion mkdf-ac-boxed mkdf-white-skin clearfix\">\n\t<h5 class=\"mkdf-accordion-title\">\n    <span class=\"mkdf-accordion-mark\">\n\t\t<span class=\"mkdf_icon_plus icon_plus\"><\/span>\n\t\t<span class=\"mkdf_icon_minus icon_minus-06\"><\/span>\n\t<\/span>\n\t<span class=\"mkdf-tab-title\">Konqresd\u0259 i\u015ftirak sertifikat\u0131<\/span>\n<\/h5>\n<div class=\"mkdf-accordion-content\">\n\t<div class=\"mkdf-accordion-content-inner\">\n\t\t[vc_column_text]<span style=\"color: #003366;\"><span style=\"font-family: Cambria, serif;\">Sertifikatlar konqresin ba\u011flan\u0131\u015f m\u0259rasimind\u0259 t\u0259qdim edil\u0259c\u0259kdir.<\/span><\/span>[\/vc_column_text]\t<\/div>\n<\/div><\/div><div class=\"mkdf-accordion-holder mkdf-ac-default  mkdf-accordion mkdf-ac-boxed mkdf-white-skin clearfix\">\n\t<h5 class=\"mkdf-accordion-title\">\n    <span class=\"mkdf-accordion-mark\">\n\t\t<span class=\"mkdf_icon_plus icon_plus\"><\/span>\n\t\t<span class=\"mkdf_icon_minus icon_minus-06\"><\/span>\n\t<\/span>\n\t<span class=\"mkdf-tab-title\">T\u0259\u015fkilat katibliyi<\/span>\n<\/h5>\n<div class=\"mkdf-accordion-content\">\n\t<div class=\"mkdf-accordion-content-inner\">\n\t\t[vc_column_text]<span style=\"color: #003366;\"><span style=\"font-family: Cambria, serif;\">T\u0259\u015fkilat Komit\u0259si Mice Baku \u015firk\u0259tini Konqresin r\u0259smi agenti t\u0259yin edib. Konqres \u00e7\u0259r\u00e7iv\u0259sind\u0259 h\u0259r hans\u0131 m\u00fcraci\u0259tiniz \u00fc\u00e7\u00fcn\u00a0Mice Baku<\/span><\/span><span style=\"color: #800000;\"><span style=\"font-family: Cambria, serif;\">\u00a0(congress@micebaku.com)<\/span><\/span><span style=\"color: #003366;\"><span style=\"font-family: Cambria, serif;\">\u00a0il\u0259 \u0259laq\u0259 saxlama\u011f\u0131n\u0131z\u0131 xahi\u015f edirik.<\/span><\/span><\/p>\n<p><span style=\"color: #000000;\">\u00a0<\/span><\/p>\n<p><span style=\"color: #003366;\"><span style=\"font-family: Cambria, serif;\"><b>T\u0259\u015fkilati katiblik: <\/b>Ali Kapucu<\/span><\/span><\/p>\n<p>&nbsp;<\/p>\n<p><span style=\"color: #003366;\"><span style=\"font-family: Cambria, serif;\"><b>Qeydiyyat: <\/b>Ay\u015f\u0259n Teymurova<\/span><\/span><\/p>\n<p><span style=\"color: #003366;\"><span style=\"font-family: Cambria, serif;\"><b>Telefon: <\/b>+994 99 885 23 07<\/span><\/span><\/p>\n<p>&nbsp;<\/p>\n<p><span style=\"color: #003366;\"><span style=\"font-family: Cambria, serif;\"><b>Sponsorluq: <\/b>G\u00fcnay \u018fl\u0259kb\u0259rli<\/span><\/span><\/p>\n<p><span style=\"color: #003366;\"><span style=\"font-family: Cambria, serif;\"><b>Telefon: <\/b>+994 55 885 23 05<\/span><\/span>[\/vc_column_text]\t<\/div>\n<\/div><\/div>[\/vc_column][\/vc_row]<\/p>\n","protected":false},"excerpt":{"rendered":"<p>[vc_row content_placement=&#8221;bottom&#8221; css=&#8221;.vc_custom_1672232077649{background-color: #f4f4f4 !important;}&#8221;][vc_column][\/vc_column][\/vc_row]<\/p>\n","protected":false},"author":1,"featured_media":0,"parent":0,"menu_order":0,"comment_status":"closed","ping_status":"closed","template":"","meta":{"footnotes":""},"class_list":["post-3192","page","type-page","status-publish","hentry"],"_links":{"self":[{"href":"https:\/\/azltk2026.org\/index.php?rest_route=\/wp\/v2\/pages\/3192","targetHints":{"allow":["GET"]}}],"collection":[{"href":"https:\/\/azltk2026.org\/index.php?rest_route=\/wp\/v2\/pages"}],"about":[{"href":"https:\/\/azltk2026.org\/index.php?rest_route=\/wp\/v2\/types\/page"}],"author":[{"embeddable":true,"href":"https:\/\/azltk2026.org\/index.php?rest_route=\/wp\/v2\/users\/1"}],"replies":[{"embeddable":true,"href":"https:\/\/azltk2026.org\/index.php?rest_route=%2Fwp%2Fv2%2Fcomments&post=3192"}],"version-history":[{"count":152,"href":"https:\/\/azltk2026.org\/index.php?rest_route=\/wp\/v2\/pages\/3192\/revisions"}],"predecessor-version":[{"id":5304,"href":"https:\/\/azltk2026.org\/index.php?rest_route=\/wp\/v2\/pages\/3192\/revisions\/5304"}],"wp:attachment":[{"href":"https:\/\/azltk2026.org\/index.php?rest_route=%2Fwp%2Fv2%2Fmedia&parent=3192"}],"curies":[{"name":"wp","href":"https:\/\/api.w.org\/{rel}","templated":true}]}}